{"id":14,"date":"2017-10-30T17:19:07","date_gmt":"2017-10-30T17:19:07","guid":{"rendered":"http:\/\/bluehaus.com\/clients\/platinum\/?page_id=14"},"modified":"2018-01-30T15:50:21","modified_gmt":"2018-01-30T22:50:21","slug":"privacy-policy","status":"publish","type":"page","link":"https:\/\/platinumtechnologiesinc.ca\/fr\/privacy-policy\/","title":{"rendered":"Privacy Policy"},"content":{"rendered":"<p><div class=\"fusion-fullwidth fullwidth-box fusion-builder-row-4 hundred-percent-fullwidth non-hundred-percent-height-scrolling fusion-equal-height-columns\" style=\"--awb-background-position:left top;--awb-border-radius-top-left:0px;--awb-border-radius-top-right:0px;--awb-border-radius-bottom-right:0px;--awb-border-radius-bottom-left:0px;--awb-padding-top:0px;--awb-padding-right:0px;--awb-padding-bottom:0px;--awb-padding-left:0px;--awb-background-color:yes;--awb-border-sizes-top:0px;--awb-border-sizes-bottom:0px;--awb-flex-wrap:wrap;\" ><div class=\"fusion-builder-row fusion-row\"><div class=\"fusion-layout-column fusion_builder_column fusion-builder-column-11 fusion_builder_column_1_1 1_1 fusion-one-full fusion-column-first fusion-column-last fusion-column-no-min-height fusion-animated\" style=\"--awb-bg-size:cover;--awb-margin-bottom:0px;\" data-animationType=\"fadeIn\" data-animationDuration=\"0.2\" data-animationOffset=\"top-into-view\"><div class=\"fusion-column-wrapper fusion-flex-column-wrapper-legacy\"><div class=\"fusion-column-content-centered\"><div class=\"fusion-column-content\"><div class=\"gradient_bar\"><\/div><\/div><\/div><div class=\"fusion-clearfix\"><\/div><\/div><\/div><\/div><\/div><div class=\"fusion-fullwidth fullwidth-box fusion-builder-row-5 hundred-percent-fullwidth non-hundred-percent-height-scrolling\" style=\"--awb-border-radius-top-left:0px;--awb-border-radius-top-right:0px;--awb-border-radius-bottom-right:0px;--awb-border-radius-bottom-left:0px;--awb-padding-top:65px;--awb-padding-bottom:50px;--awb-margin-top:-43px;--awb-margin-bottom:-40px;--awb-background-color:rgba(36,36,36,0);--awb-flex-wrap:wrap;\" ><div class=\"fusion-builder-row fusion-row\"><div class=\"fusion-layout-column fusion_builder_column fusion-builder-column-12 fusion_builder_column_1_1 1_1 fusion-one-full fusion-column-first fusion-column-last fusion-animated titlebar\" style=\"--awb-padding-top:2%;--awb-bg-size:cover;\" data-animationType=\"fadeInUp\" data-animationDuration=\"0.4\" data-animationOffset=\"top-into-view\"><div class=\"fusion-column-wrapper fusion-flex-column-wrapper-legacy\"><div class=\"fusion-column-content-centered\"><div class=\"fusion-column-content\"><div class=\"fusion-text fusion-text-4\"><h1 class=\"left\">Politique de Confidentialit\u00e9<\/h1>\n<\/div><div class=\"fusion-text fusion-text-5\"><h1 class=\"script\">Politique de Confidentialit\u00e9<\/h1>\n<\/div><\/div><\/div><div class=\"fusion-clearfix\"><\/div><\/div><\/div><\/div><\/div><div class=\"fusion-fullwidth fullwidth-box fusion-builder-row-6 hundred-percent-fullwidth non-hundred-percent-height-scrolling\" style=\"--awb-border-radius-top-left:0px;--awb-border-radius-top-right:0px;--awb-border-radius-bottom-right:0px;--awb-border-radius-bottom-left:0px;--awb-padding-bottom:10%;--awb-background-color:rgba(36,36,36,0);--awb-flex-wrap:wrap;\" ><div class=\"fusion-builder-row fusion-row\"><div class=\"fusion-layout-column fusion_builder_column fusion-builder-column-13 fusion_builder_column_1_5 1_5 fusion-one-fifth fusion-column-first\" style=\"--awb-bg-size:cover;width:20%;width:calc(20% - ( ( 4% + 4% ) * 0.2 ) );margin-right: 4%;\"><div class=\"fusion-column-wrapper fusion-flex-column-wrapper-legacy\"><div class=\"fusion-clearfix\"><\/div><\/div><\/div><div class=\"fusion-layout-column fusion_builder_column fusion-builder-column-14 fusion_builder_column_3_5 3_5 fusion-three-fifth fusion-animated\" style=\"--awb-padding-top:3%;--awb-padding-bottom:3%;--awb-bg-size:cover;width:60%;width:calc(60% - ( ( 4% + 4% ) * 0.6 ) );margin-right: 4%;\" data-animationType=\"fadeInUp\" data-animationDuration=\"0.3\" data-animationOffset=\"top-into-view\"><div class=\"fusion-column-wrapper fusion-flex-column-wrapper-legacy\"><div class=\"fusion-sep-clear\"><\/div><div class=\"fusion-separator fusion-full-width-sep\" style=\"margin-left: auto;margin-right: auto;width:100%;\"><div class=\"fusion-separator-border sep-single sep-solid\" style=\"--awb-height:20px;--awb-amount:20px;--awb-sep-color:rgba(76,98,142,0.31);border-color:rgba(76,98,142,0.31);border-top-width:1px;\"><\/div><\/div><div class=\"fusion-sep-clear\"><\/div><div class=\"fusion-clearfix\"><\/div><\/div><\/div><div class=\"fusion-layout-column fusion_builder_column fusion-builder-column-15 fusion_builder_column_1_5 1_5 fusion-one-fifth fusion-column-last\" style=\"--awb-bg-size:cover;width:20%;width:calc(20% - ( ( 4% + 4% ) * 0.2 ) );\"><div class=\"fusion-column-wrapper fusion-flex-column-wrapper-legacy\"><div class=\"fusion-clearfix\"><\/div><\/div><\/div><div class=\"fusion-layout-column fusion_builder_column fusion-builder-column-16 fusion_builder_column_1_5 1_5 fusion-one-fifth fusion-column-first fusion-animated\" style=\"--awb-bg-size:cover;width:20%;width:calc(20% - ( ( 4% + 4% ) * 0.2 ) );margin-right: 4%;\" data-animationType=\"fadeInLeft\" data-animationDuration=\"0.3\" data-animationOffset=\"top-into-view\"><div class=\"fusion-column-wrapper fusion-flex-column-wrapper-legacy\"><div class=\"fusion-clearfix\"><\/div><\/div><\/div><div class=\"fusion-layout-column fusion_builder_column fusion-builder-column-17 fusion_builder_column_3_5 3_5 fusion-three-fifth fusion-animated body_columns\" style=\"--awb-bg-size:cover;width:60%;width:calc(60% - ( ( 4% + 4% ) * 0.6 ) );margin-right: 4%;\" data-animationType=\"fadeInUp\" data-animationDuration=\"0.6\" data-animationOffset=\"top-into-view\"><div class=\"fusion-column-wrapper fusion-flex-column-wrapper-legacy\"><div class=\"fusion-column-content-centered\"><div class=\"fusion-column-content\"><div class=\"fusion-text fusion-text-6\"><p><span style=\"font-weight: 400;\">Nous nous engageons \u00e0 maintenir l&rsquo;exactitude, la confidentialit\u00e9 et la s\u00e9curit\u00e9 de vos informations personnellement identifiables (\u00abinformations personnelles\u00bb). Dans le cadre de cet engagement, notre politique de confidentialit\u00e9 r\u00e9git nos actions en ce qui concerne la collecte, l&rsquo;utilisation et la divulgation de renseignements personnels.\u00a0<\/span><\/p>\n<p><span style=\"font-weight: 400;\"><strong>Platinum Technologies Inc. (PTI)<\/strong> accepte les CV et les demandes de personnes \u00e0 la recherche d&rsquo;un emploi. Lorsque nous demandons des informations personnelles (nom, adresse, adresse e-mail, etc.), nous expliquons la raison pour laquelle nous avons fait la demande. Nous ne recueillons, n&rsquo;utilisons ni ne divulguons vos informations personnelles sans votre consentement. Nous ne collectons aucune information personnelle \u00e0 votre sujet \u00e0 moins que vous ne choisissiez de nous fournir cette information. Vos curriculum vitae sont conserv\u00e9s dans les dossiers et entr\u00e9s dans notre base de donn\u00e9es pendant un an et sont consid\u00e9r\u00e9s comme confidentiels.\u00a0<\/span><\/p>\n<p><span style=\"font-weight: 400;\">Les renseignements que vous nous fournissez sur votre CV, votre demande d&#8217;emploi, vos courriels connexes et \/ ou lors de communications en personne sont utilis\u00e9s pour d\u00e9terminer si vous \u00eates apte \u00e0 occuper un emploi potentiel. Si nous avons un poste disponible qui r\u00e9pond \u00e0 vos exigences, nous vous contacterons pour une entrevue. Votre CV, vos r\u00e9f\u00e9rences et \/ ou d&rsquo;autres informations personnelles fournies \u00e0 n&rsquo;importe quelle \u00e9tape du processus de recrutement (y compris l&rsquo;interview) ne sont pas distribu\u00e9s \u00e0 votre insu. Nous obtiendrons toujours l&rsquo;approbation pr\u00e9alable de votre part lorsque votre CV ou toute autre information personnelle est soumise pour examen dans le cadre du processus d&rsquo;appel d&rsquo;offres et \/ ou de s\u00e9lection des candidats. Lorsque vous acceptez une offre d&#8217;emploi, il vous sera demand\u00e9 de fournir des renseignements personnels suppl\u00e9mentaires qui sont l\u00e9galement requis pour le traitement de la paie (p. Ex. Num\u00e9ro d&rsquo;assurance sociale, date de naissance, etc.). CV et autres informations personnelles re\u00e7ues par PTI par n&rsquo;importe quel moyen est stock\u00e9 de mani\u00e8re s\u00e9curis\u00e9e pour emp\u00eacher l&rsquo;acc\u00e8s par des tiers. Notre organisation poss\u00e8de une cote de s\u00e9curit\u00e9 secr\u00e8te avec le gouvernement du Canada et nous prot\u00e9geons vos renseignements personnels au mieux de nos capacit\u00e9s. Nous prenons des pr\u00e9cautions et suivons les meilleures pratiques de l&rsquo;industrie et de l&rsquo;informatique pour nous assurer que vos informations sont s\u00e9curis\u00e9es et qu&rsquo;elles ne sont pas perdues, mal utilis\u00e9es, consult\u00e9es ou divulgu\u00e9es.\u00a0<\/span><\/p>\n<p><span style=\"font-weight: 400;\">Les renseignements personnels, commerciaux et contractuels ne seront utilis\u00e9s ou divulgu\u00e9s qu&rsquo;aux fins pour lesquelles ils ont \u00e9t\u00e9 recueillis, \u00e0 moins que vous y ayez consenti autrement ou que la loi l&rsquo;exige ou permette. Les renseignements personnels, commerciaux et contractuels ne seront conserv\u00e9s que pendant la p\u00e9riode requise pour atteindre l&rsquo;objectif pour lequel nous les avons collect\u00e9s ou tel que requis par la loi. Les \u00ab\u00a0formulaires\u00a0\u00bb qui sont disponibles sur ce site sont strictement destin\u00e9s aux employ\u00e9s de PTI. PTI est un employeur d&rsquo;\u00e9galit\u00e9 des chances. Nous nous r\u00e9servons le droit de modifier cette politique de confidentialit\u00e9 \u00e0 tout moment. Si vous souhaitez acc\u00e9der, corriger, modifier ou supprimer les informations personnelles que nous avons enregistr\u00e9es, enregistrer une r\u00e9clamation ou simplement obtenir plus d&rsquo;informations concernant notre politique de confidentialit\u00e9, veuillez contacter notre bureau de confidentialit\u00e9, Sherri Chapman par courriel \u00e0 <em><a href=\"mailto:sherri@platinumtechnologiesinc.ca\">sherri@platinumtechnologiesinc.ca<\/a><\/em> ou en composant le <a href=\"tel:1-844-520-0084\">+1 844.520.0084<\/a>.<\/span><\/p>\n<\/div><\/div><\/div><div class=\"fusion-clearfix\"><\/div><\/div><\/div><div class=\"fusion-layout-column fusion_builder_column fusion-builder-column-18 fusion_builder_column_1_5 1_5 fusion-one-fifth fusion-column-last\" style=\"--awb-bg-size:cover;width:20%;width:calc(20% - ( ( 4% + 4% ) * 0.2 ) );\"><div class=\"fusion-column-wrapper fusion-flex-column-wrapper-legacy\"><div class=\"fusion-clearfix\"><\/div><\/div><\/div><div class=\"fusion-layout-column fusion_builder_column fusion-builder-column-19 fusion_builder_column_1_5 1_5 fusion-one-fifth fusion-column-first\" style=\"--awb-bg-size:cover;width:20%;width:calc(20% - ( ( 4% + 4% ) * 0.2 ) );margin-right: 4%;\"><div class=\"fusion-column-wrapper fusion-flex-column-wrapper-legacy\"><div class=\"fusion-clearfix\"><\/div><\/div><\/div><div class=\"fusion-layout-column fusion_builder_column fusion-builder-column-20 fusion_builder_column_3_5 3_5 fusion-three-fifth fusion-animated\" style=\"--awb-bg-size:cover;width:60%;width:calc(60% - ( ( 4% + 4% ) * 0.6 ) );margin-right: 4%;\" data-animationType=\"fadeInUp\" data-animationDuration=\"0.3\" data-animationOffset=\"top-into-view\"><div class=\"fusion-column-wrapper fusion-flex-column-wrapper-legacy\"><div class=\"fusion-sep-clear\"><\/div><div class=\"fusion-separator fusion-full-width-sep\" style=\"margin-left: auto;margin-right: auto;width:100%;\"><div class=\"fusion-separator-border sep-single sep-solid\" style=\"--awb-height:20px;--awb-amount:20px;--awb-sep-color:rgba(76,98,142,0.31);border-color:rgba(76,98,142,0.31);border-top-width:1px;\"><\/div><\/div><div class=\"fusion-sep-clear\"><\/div><div class=\"fusion-clearfix\"><\/div><\/div><\/div><div class=\"fusion-layout-column fusion_builder_column fusion-builder-column-21 fusion_builder_column_1_5 1_5 fusion-one-fifth fusion-column-last\" style=\"--awb-bg-size:cover;width:20%;width:calc(20% - ( ( 4% + 4% ) * 0.2 ) );\"><div class=\"fusion-column-wrapper fusion-flex-column-wrapper-legacy\"><div class=\"fusion-clearfix\"><\/div><\/div><\/div><\/div><\/div><\/p>","protected":false},"excerpt":{"rendered":"","protected":false},"author":2,"featured_media":0,"parent":0,"menu_order":4,"comment_status":"closed","ping_status":"closed","template":"100-width.php","meta":{"footnotes":""},"class_list":["post-14","page","type-page","status-publish","hentry"],"yoast_head":"<!-- This site is optimized with the Yoast SEO plugin v26.1.1 - https:\/\/yoast.com\/wordpress\/plugins\/seo\/ -->\n<title>Privacy Policy &#8226; Platinum Technologies Inc &#8226; PTI Respects the Privacy of all Applicants<\/title>\n<meta name=\"description\" content=\"Security Cleared with Public Works Canada. PTI is committed to maintaining the accuracy, confidentiality, and security of all your identifiable information.\" \/>\n<meta name=\"robots\" content=\"index, follow, max-snippet:-1, max-image-preview:large, max-video-preview:-1\" \/>\n<link rel=\"canonical\" href=\"https:\/\/platinumtechnologiesinc.ca\/en\/privacy-policy\/\" \/>\n<meta property=\"og:locale\" content=\"fr_FR\" \/>\n<meta property=\"og:type\" content=\"article\" \/>\n<meta property=\"og:title\" content=\"Privacy Policy &#8226; Platinum Technologies Inc &#8226; PTI Respects the Privacy of all Applicants\" \/>\n<meta property=\"og:description\" content=\"Security Cleared with Public Works Canada. PTI is committed to maintaining the accuracy, confidentiality, and security of all your identifiable information.\" \/>\n<meta property=\"og:url\" content=\"https:\/\/platinumtechnologiesinc.ca\/en\/privacy-policy\/\" \/>\n<meta property=\"og:site_name\" content=\"Platinum Technologies Inc\" \/>\n<meta property=\"article:modified_time\" content=\"2018-01-30T22:50:21+00:00\" \/>\n<meta name=\"twitter:card\" content=\"summary_large_image\" \/>\n<meta name=\"twitter:label1\" content=\"Dur\u00e9e de lecture estim\u00e9e\" \/>\n\t<meta name=\"twitter:data1\" content=\"17 minutes\" \/>\n<script type=\"application\/ld+json\" class=\"yoast-schema-graph\">{\"@context\":\"https:\/\/schema.org\",\"@graph\":[{\"@type\":\"WebPage\",\"@id\":\"https:\/\/platinumtechnologiesinc.ca\/en\/privacy-policy\/\",\"url\":\"https:\/\/platinumtechnologiesinc.ca\/en\/privacy-policy\/\",\"name\":\"Privacy Policy &#8226; Platinum Technologies Inc &#8226; PTI Respects the Privacy of all Applicants\",\"isPartOf\":{\"@id\":\"https:\/\/platinumtechnologiesinc.ca\/en\/#website\"},\"datePublished\":\"2017-10-30T17:19:07+00:00\",\"dateModified\":\"2018-01-30T22:50:21+00:00\",\"description\":\"Security Cleared with Public Works Canada. PTI is committed to maintaining the accuracy, confidentiality, and security of all your identifiable information.\",\"breadcrumb\":{\"@id\":\"https:\/\/platinumtechnologiesinc.ca\/en\/privacy-policy\/#breadcrumb\"},\"inLanguage\":\"fr-FR\",\"potentialAction\":[{\"@type\":\"ReadAction\",\"target\":[\"https:\/\/platinumtechnologiesinc.ca\/en\/privacy-policy\/\"]}]},{\"@type\":\"BreadcrumbList\",\"@id\":\"https:\/\/platinumtechnologiesinc.ca\/en\/privacy-policy\/#breadcrumb\",\"itemListElement\":[{\"@type\":\"ListItem\",\"position\":1,\"name\":\"Home\",\"item\":\"https:\/\/platinumtechnologiesinc.ca\/en\/\"},{\"@type\":\"ListItem\",\"position\":2,\"name\":\"Privacy Policy\"}]},{\"@type\":\"WebSite\",\"@id\":\"https:\/\/platinumtechnologiesinc.ca\/en\/#website\",\"url\":\"https:\/\/platinumtechnologiesinc.ca\/en\/\",\"name\":\"Platinum Technologies Inc\",\"description\":\"Servir ceux qui nous ont servi\",\"publisher\":{\"@id\":\"https:\/\/platinumtechnologiesinc.ca\/en\/#organization\"},\"potentialAction\":[{\"@type\":\"SearchAction\",\"target\":{\"@type\":\"EntryPoint\",\"urlTemplate\":\"https:\/\/platinumtechnologiesinc.ca\/en\/?s={search_term_string}\"},\"query-input\":{\"@type\":\"PropertyValueSpecification\",\"valueRequired\":true,\"valueName\":\"search_term_string\"}}],\"inLanguage\":\"fr-FR\"},{\"@type\":\"Organization\",\"@id\":\"https:\/\/platinumtechnologiesinc.ca\/en\/#organization\",\"name\":\"Platinum Technologies Inc.\",\"url\":\"https:\/\/platinumtechnologiesinc.ca\/en\/\",\"logo\":{\"@type\":\"ImageObject\",\"inLanguage\":\"fr-FR\",\"@id\":\"https:\/\/platinumtechnologiesinc.ca\/en\/#\/schema\/logo\/image\/\",\"url\":\"https:\/\/platinumtechnologiesinc.ca\/wp-content\/uploads\/2017\/11\/logo_white-shadow.png\",\"contentUrl\":\"https:\/\/platinumtechnologiesinc.ca\/wp-content\/uploads\/2017\/11\/logo_white-shadow.png\",\"width\":220,\"height\":60,\"caption\":\"Platinum Technologies Inc.\"},\"image\":{\"@id\":\"https:\/\/platinumtechnologiesinc.ca\/en\/#\/schema\/logo\/image\/\"}}]}<\/script>\n<!-- \/ Yoast SEO plugin. -->","yoast_head_json":{"title":"Privacy Policy &#8226; Platinum Technologies Inc &#8226; PTI Respects the Privacy of all Applicants","description":"Security Cleared with Public Works Canada. PTI is committed to maintaining the accuracy, confidentiality, and security of all your identifiable information.","robots":{"index":"index","follow":"follow","max-snippet":"max-snippet:-1","max-image-preview":"max-image-preview:large","max-video-preview":"max-video-preview:-1"},"canonical":"https:\/\/platinumtechnologiesinc.ca\/en\/privacy-policy\/","og_locale":"fr_FR","og_type":"article","og_title":"Privacy Policy &#8226; Platinum Technologies Inc &#8226; PTI Respects the Privacy of all Applicants","og_description":"Security Cleared with Public Works Canada. PTI is committed to maintaining the accuracy, confidentiality, and security of all your identifiable information.","og_url":"https:\/\/platinumtechnologiesinc.ca\/en\/privacy-policy\/","og_site_name":"Platinum Technologies Inc","article_modified_time":"2018-01-30T22:50:21+00:00","twitter_card":"summary_large_image","twitter_misc":{"Dur\u00e9e de lecture estim\u00e9e":"17 minutes"},"schema":{"@context":"https:\/\/schema.org","@graph":[{"@type":"WebPage","@id":"https:\/\/platinumtechnologiesinc.ca\/en\/privacy-policy\/","url":"https:\/\/platinumtechnologiesinc.ca\/en\/privacy-policy\/","name":"Privacy Policy &#8226; Platinum Technologies Inc &#8226; PTI Respects the Privacy of all Applicants","isPartOf":{"@id":"https:\/\/platinumtechnologiesinc.ca\/en\/#website"},"datePublished":"2017-10-30T17:19:07+00:00","dateModified":"2018-01-30T22:50:21+00:00","description":"Security Cleared with Public Works Canada. PTI is committed to maintaining the accuracy, confidentiality, and security of all your identifiable information.","breadcrumb":{"@id":"https:\/\/platinumtechnologiesinc.ca\/en\/privacy-policy\/#breadcrumb"},"inLanguage":"fr-FR","potentialAction":[{"@type":"ReadAction","target":["https:\/\/platinumtechnologiesinc.ca\/en\/privacy-policy\/"]}]},{"@type":"BreadcrumbList","@id":"https:\/\/platinumtechnologiesinc.ca\/en\/privacy-policy\/#breadcrumb","itemListElement":[{"@type":"ListItem","position":1,"name":"Home","item":"https:\/\/platinumtechnologiesinc.ca\/en\/"},{"@type":"ListItem","position":2,"name":"Privacy Policy"}]},{"@type":"WebSite","@id":"https:\/\/platinumtechnologiesinc.ca\/en\/#website","url":"https:\/\/platinumtechnologiesinc.ca\/en\/","name":"Platinum Technologies Inc","description":"Servir ceux qui nous ont servi","publisher":{"@id":"https:\/\/platinumtechnologiesinc.ca\/en\/#organization"},"potentialAction":[{"@type":"SearchAction","target":{"@type":"EntryPoint","urlTemplate":"https:\/\/platinumtechnologiesinc.ca\/en\/?s={search_term_string}"},"query-input":{"@type":"PropertyValueSpecification","valueRequired":true,"valueName":"search_term_string"}}],"inLanguage":"fr-FR"},{"@type":"Organization","@id":"https:\/\/platinumtechnologiesinc.ca\/en\/#organization","name":"Platinum Technologies Inc.","url":"https:\/\/platinumtechnologiesinc.ca\/en\/","logo":{"@type":"ImageObject","inLanguage":"fr-FR","@id":"https:\/\/platinumtechnologiesinc.ca\/en\/#\/schema\/logo\/image\/","url":"https:\/\/platinumtechnologiesinc.ca\/wp-content\/uploads\/2017\/11\/logo_white-shadow.png","contentUrl":"https:\/\/platinumtechnologiesinc.ca\/wp-content\/uploads\/2017\/11\/logo_white-shadow.png","width":220,"height":60,"caption":"Platinum Technologies Inc."},"image":{"@id":"https:\/\/platinumtechnologiesinc.ca\/en\/#\/schema\/logo\/image\/"}}]}},"_links":{"self":[{"href":"https:\/\/platinumtechnologiesinc.ca\/fr\/wp-json\/wp\/v2\/pages\/14","targetHints":{"allow":["GET"]}}],"collection":[{"href":"https:\/\/platinumtechnologiesinc.ca\/fr\/wp-json\/wp\/v2\/pages"}],"about":[{"href":"https:\/\/platinumtechnologiesinc.ca\/fr\/wp-json\/wp\/v2\/types\/page"}],"author":[{"embeddable":true,"href":"https:\/\/platinumtechnologiesinc.ca\/fr\/wp-json\/wp\/v2\/users\/2"}],"replies":[{"embeddable":true,"href":"https:\/\/platinumtechnologiesinc.ca\/fr\/wp-json\/wp\/v2\/comments?post=14"}],"version-history":[{"count":0,"href":"https:\/\/platinumtechnologiesinc.ca\/fr\/wp-json\/wp\/v2\/pages\/14\/revisions"}],"wp:attachment":[{"href":"https:\/\/platinumtechnologiesinc.ca\/fr\/wp-json\/wp\/v2\/media?parent=14"}],"curies":[{"name":"wp","href":"https:\/\/api.w.org\/{rel}","templated":true}]}}