{"id":29,"date":"2017-11-02T11:04:12","date_gmt":"2017-11-02T17:04:12","guid":{"rendered":"http:\/\/bluehaus.com\/clients\/platinum\/?page_id=29"},"modified":"2024-07-29T22:10:57","modified_gmt":"2024-07-30T04:10:57","slug":"homepage","status":"publish","type":"page","link":"https:\/\/platinumtechnologiesinc.ca\/fr\/","title":{"rendered":"Homepage"},"content":{"rendered":"<p><div class=\"fusion-fullwidth fullwidth-box fusion-builder-row-5 hundred-percent-fullwidth non-hundred-percent-height-scrolling fusion-equal-height-columns\" style=\"--awb-background-position:left top;--awb-border-radius-top-left:0px;--awb-border-radius-top-right:0px;--awb-border-radius-bottom-right:0px;--awb-border-radius-bottom-left:0px;--awb-padding-top:0px;--awb-padding-right:0px;--awb-padding-bottom:0px;--awb-padding-left:0px;--awb-border-sizes-top:0px;--awb-border-sizes-bottom:0px;--awb-flex-wrap:wrap;\" ><div class=\"fusion-builder-row fusion-row\"><div class=\"fusion-layout-column fusion_builder_column fusion-builder-column-14 fusion_builder_column_1_1 1_1 fusion-one-full fusion-column-first fusion-column-last fusion-column-no-min-height fusion-animated\" style=\"--awb-bg-size:cover;--awb-margin-bottom:0px;\" data-animationType=\"fadeIn\" data-animationDuration=\"0.2\" data-animationOffset=\"top-into-view\"><div class=\"fusion-column-wrapper fusion-flex-column-wrapper-legacy\"><div class=\"fusion-column-content-centered\"><div class=\"fusion-column-content\"><div class=\"gradient_bar\"><\/div><\/div><\/div><div class=\"fusion-clearfix\"><\/div><\/div><\/div><\/div><\/div><div class=\"fusion-fullwidth fullwidth-box fusion-builder-row-6 nonhundred-percent-fullwidth non-hundred-percent-height-scrolling fusion-equal-height-columns number-row\" style=\"--awb-border-color:#babbbf;--awb-border-radius-top-left:0px;--awb-border-radius-top-right:0px;--awb-border-radius-bottom-right:0px;--awb-border-radius-bottom-left:0px;--awb-background-color:#dbdde3;--awb-border-sizes-top:1px;--awb-border-sizes-bottom:1px;--awb-flex-wrap:wrap;\" ><div class=\"fusion-builder-row fusion-row\"><div class=\"fusion-layout-column fusion_builder_column fusion-builder-column-15 fusion_builder_column_1_3 1_3 fusion-one-third fusion-column-first fusion-column-inner-bg-wrapper fusion-animated large_num\" style=\"--awb-inner-bg-size:cover;--awb-border-color:#4e5864;--awb-border-right:1px;--awb-border-style:solid;--awb-margin-bottom:0px;width:33.333333333333%;width:calc(33.333333333333% - ( ( 0 + 0 ) * 0.33333333333333 ) );margin-right: 0px;\" data-animationType=\"fadeInDown\" data-animationDuration=\"0.1\" data-animationOffset=\"top-into-view\" id=\"01_About\"><span class=\"fusion-column-inner-bg hover-type-none\"><a class=\"fusion-column-anchor\" href=\"\/about\/\"><span class=\"fusion-column-inner-bg-image\"><\/span><\/a><\/span><div class=\"fusion-column-wrapper fusion-flex-column-wrapper-legacy\"><div class=\"fusion-text fusion-text-7\"><div class=\"content\">\n<h2>PROPOS<\/h2>\n<h4>Platinum Technologies Inc.<\/h4>\n<\/div>\n<\/div><div class=\"fusion-title title fusion-title-4 fusion-sep-none fusion-title-text fusion-title-size-one\" style=\"--awb-margin-top-small:0px;--awb-margin-right-small:0px;--awb-margin-bottom-small:20px;--awb-margin-left-small:0px;--awb-sep-color:#373d44;\"><h1 class=\"fusion-title-heading title-heading-left fusion-responsive-typography-calculated\" style=\"margin:0;--fontSize:44.198;line-height:0.95;\"><h1>01<\/h1><\/h1><\/div><div class=\"fusion-clearfix\"><\/div><\/div><\/div><div class=\"fusion-layout-column fusion_builder_column fusion-builder-column-16 fusion_builder_column_1_3 1_3 fusion-one-third fusion-column-inner-bg-wrapper fusion-animated large_num\" style=\"--awb-inner-bg-size:cover;--awb-border-color:#4e5864;--awb-border-right:1px;--awb-border-style:solid;--awb-margin-bottom:0px;width:33.333333333333%;width:calc(33.333333333333% - ( ( 0 + 0 ) * 0.33333333333333 ) );margin-right: 0px;\" data-animationType=\"fadeInDown\" data-animationDuration=\"0.5\" data-animationOffset=\"top-into-view\"><span class=\"fusion-column-inner-bg hover-type-none\"><a class=\"fusion-column-anchor\" href=\"\/opportunities\/\"><span class=\"fusion-column-inner-bg-image\"><\/span><\/a><\/span><div class=\"fusion-column-wrapper fusion-flex-column-wrapper-legacy\"><div class=\"fusion-text fusion-text-8\"><div class=\"content\">\n<h2>OPPORTUNIT\u00c9S<\/h2>\n<h4>Positions Actuelles<\/h4>\n<\/div>\n<\/div><div class=\"fusion-title title fusion-title-5 fusion-sep-none fusion-title-text fusion-title-size-one\" style=\"--awb-margin-top-small:0px;--awb-margin-right-small:0px;--awb-margin-bottom-small:20px;--awb-margin-left-small:0px;--awb-sep-color:#373d44;\"><h1 class=\"fusion-title-heading title-heading-left fusion-responsive-typography-calculated\" style=\"margin:0;--fontSize:44.198;line-height:0.95;\"><h1>02<\/h1><\/h1><\/div><div class=\"fusion-clearfix\"><\/div><\/div><\/div><div class=\"fusion-layout-column fusion_builder_column fusion-builder-column-17 fusion_builder_column_1_3 1_3 fusion-one-third fusion-column-last fusion-column-inner-bg-wrapper fusion-animated large_num\" style=\"--awb-inner-bg-size:cover;--awb-border-color:#4e5864;--awb-border-right:1px;--awb-border-style:solid;--awb-margin-bottom:0px;width:33.333333333333%;width:calc(33.333333333333% - ( ( 0 + 0 ) * 0.33333333333333 ) );\" data-animationType=\"fadeInDown\" data-animationDuration=\"1.0\" data-animationOffset=\"top-into-view\"><span class=\"fusion-column-inner-bg hover-type-none\"><a class=\"fusion-column-anchor\" href=\"\/contact\/\"><span class=\"fusion-column-inner-bg-image\"><\/span><\/a><\/span><div class=\"fusion-column-wrapper fusion-flex-column-wrapper-legacy\"><div class=\"fusion-text fusion-text-9\"><div class=\"content\">\n<h2>Contact<\/h2>\n<h4>Parlons<\/h4>\n<\/div>\n<\/div><div class=\"fusion-title title fusion-title-6 fusion-sep-none fusion-title-text fusion-title-size-one\" style=\"--awb-margin-top-small:0px;--awb-margin-right-small:0px;--awb-margin-bottom-small:20px;--awb-margin-left-small:0px;--awb-sep-color:#373d44;\"><h1 class=\"fusion-title-heading title-heading-left fusion-responsive-typography-calculated\" style=\"margin:0;--fontSize:44.198;line-height:0.95;\"><h1>03<\/h1><\/h1><\/div><div class=\"fusion-clearfix\"><\/div><\/div><\/div><\/div><\/div><div class=\"fusion-fullwidth fullwidth-box fusion-builder-row-7 hundred-percent-fullwidth non-hundred-percent-height-scrolling\" style=\"--awb-border-radius-top-left:0px;--awb-border-radius-top-right:0px;--awb-border-radius-bottom-right:0px;--awb-border-radius-bottom-left:0px;--awb-padding-top:65px;--awb-padding-bottom:50px;--awb-margin-top:-43px;--awb-margin-bottom:-40px;--awb-background-color:rgba(36,36,36,0);--awb-flex-wrap:wrap;\" ><div class=\"fusion-builder-row fusion-row\"><div class=\"fusion-layout-column fusion_builder_column fusion-builder-column-18 fusion_builder_column_1_1 1_1 fusion-one-full fusion-column-first fusion-column-last fusion-animated titlebar\" style=\"--awb-padding-top:2%;--awb-padding-bottom:2%;--awb-bg-size:cover;--awb-margin-bottom:0px;\" data-animationType=\"fadeInUp\" data-animationDuration=\"0.4\" data-animationOffset=\"top-into-view\"><div class=\"fusion-column-wrapper fusion-flex-column-wrapper-legacy\"><div class=\"fusion-column-content-centered\"><div class=\"fusion-column-content\"><div class=\"fusion-text fusion-text-10\"><h1 class=\"left\">Qui sommes-nous?<\/h1>\n<\/div><div class=\"fusion-text fusion-text-11\"><h1 class=\"script\">Qui sommes-nous?<\/h1>\n<\/div><\/div><\/div><div class=\"fusion-clearfix\"><\/div><\/div><\/div><\/div><\/div><div class=\"fusion-fullwidth fullwidth-box fusion-builder-row-8 hundred-percent-fullwidth non-hundred-percent-height-scrolling\" style=\"--awb-border-radius-top-left:0px;--awb-border-radius-top-right:0px;--awb-border-radius-bottom-right:0px;--awb-border-radius-bottom-left:0px;--awb-padding-top:3%;--awb-padding-bottom:3%;--awb-margin-top:-43px;--awb-margin-bottom:-40px;--awb-background-color:rgba(36,36,36,0);--awb-flex-wrap:wrap;\" ><div class=\"fusion-builder-row fusion-row\"><div class=\"fusion-layout-column fusion_builder_column fusion-builder-column-19 fusion_builder_column_1_5 1_5 fusion-one-fifth fusion-column-first\" style=\"--awb-bg-size:cover;--awb-margin-bottom:0px;width:20%;width:calc(20% - ( ( 4% + 4% ) * 0.2 ) );margin-right: 4%;\"><div class=\"fusion-column-wrapper fusion-flex-column-wrapper-legacy\"><div class=\"fusion-clearfix\"><\/div><\/div><\/div><div class=\"fusion-layout-column fusion_builder_column fusion-builder-column-20 fusion_builder_column_3_5 3_5 fusion-three-fifth fusion-animated\" style=\"--awb-bg-size:cover;width:60%;width:calc(60% - ( ( 4% + 4% ) * 0.6 ) );margin-right: 4%;\" data-animationType=\"fadeInUp\" data-animationDuration=\"0.3\" data-animationOffset=\"top-into-view\"><div class=\"fusion-column-wrapper fusion-flex-column-wrapper-legacy\"><div class=\"fusion-column-content-centered\"><div class=\"fusion-column-content\"><div class=\"fusion-sep-clear\"><\/div><div class=\"fusion-separator fusion-full-width-sep\" style=\"margin-left: auto;margin-right: auto;margin-top:0%;width:100%;\"><div class=\"fusion-separator-border sep-single sep-solid\" style=\"--awb-height:20px;--awb-amount:20px;--awb-sep-color:rgba(76,98,142,0.31);border-color:rgba(76,98,142,0.31);border-top-width:1px;\"><\/div><\/div><div class=\"fusion-sep-clear\"><\/div><\/div><\/div><div class=\"fusion-clearfix\"><\/div><\/div><\/div><div class=\"fusion-layout-column fusion_builder_column fusion-builder-column-21 fusion_builder_column_1_5 1_5 fusion-one-fifth fusion-column-last\" style=\"--awb-bg-size:cover;--awb-margin-bottom:0px;width:20%;width:calc(20% - ( ( 4% + 4% ) * 0.2 ) );\"><div class=\"fusion-column-wrapper fusion-flex-column-wrapper-legacy\"><div class=\"fusion-clearfix\"><\/div><\/div><\/div><div class=\"fusion-layout-column fusion_builder_column fusion-builder-column-22 fusion_builder_column_1_5 1_5 fusion-one-fifth fusion-column-first\" style=\"--awb-bg-size:cover;width:20%;width:calc(20% - ( ( 4% + 4% ) * 0.2 ) );margin-right: 4%;\"><div class=\"fusion-column-wrapper fusion-flex-column-wrapper-legacy\"><div class=\"fusion-clearfix\"><\/div><\/div><\/div><div class=\"fusion-layout-column fusion_builder_column fusion-builder-column-23 fusion_builder_column_3_5 3_5 fusion-three-fifth fusion-animated body_columns\" style=\"--awb-padding-bottom:0px;--awb-bg-size:cover;width:60%;width:calc(60% - ( ( 4% + 4% ) * 0.6 ) );margin-right: 4%;\" data-animationType=\"fadeInUp\" data-animationDuration=\"0.4\" data-animationOffset=\"top-into-view\"><div class=\"fusion-column-wrapper fusion-flex-column-wrapper-legacy\"><div class=\"fusion-text fusion-text-12\"><p><strong>Platinum Technologies Inc. (PTI)<\/strong> se concentre \u00e0 fournir des possibilit\u00e9s d&#8217;emplois enrichissants aux membres militaires qui ont pris leur retraite, aux premiers r\u00e9pondants et aux employ\u00e9s du gouvernement provincial et f\u00e9d\u00e9ral. Nous sommes capables d&rsquo;accomplir cet objectif en faisant des contacts avec le gouvernement et les industries dans les secteurs qui correspondent aux qualifications et aux exp\u00e9riences de nos membres d\u2019\u00e9quipe actuels et futurs. Nos atouts les plus impressionnants sont l&rsquo;engagement, le d\u00e9vouement et les comp\u00e9tences de nos employ\u00e9s. PTI est fi\u00e8re d&rsquo;am\u00e9liorer le bien-\u00eatre de chacun de nos membres. Nous, en tant qu&rsquo;organisation, valorisons le service que nos membres du service militaire, les employ\u00e9s du gouvernement et les premiers r\u00e9pondants ont fourni au public et nous croyons qu&rsquo;il existe un potentiel inexploit\u00e9 dans ces personnes. Bas\u00e9 sur cette conviction, nous avons cr\u00e9\u00e9 une entreprise qui a pour b\u00fbt d\u2019\u00eatre au service de ceux qui nous ont servi.<strong><br \/>\n<\/strong><\/p>\n<\/div><div class=\"fusion-clearfix\"><\/div><\/div><\/div><div class=\"fusion-layout-column fusion_builder_column fusion-builder-column-24 fusion_builder_column_1_5 1_5 fusion-one-fifth fusion-column-last\" style=\"--awb-bg-size:cover;width:20%;width:calc(20% - ( ( 4% + 4% ) * 0.2 ) );\"><div class=\"fusion-column-wrapper fusion-flex-column-wrapper-legacy\"><div class=\"fusion-clearfix\"><\/div><\/div><\/div><div class=\"fusion-layout-column fusion_builder_column fusion-builder-column-25 fusion_builder_column_1_5 1_5 fusion-one-fifth fusion-column-first\" style=\"--awb-bg-size:cover;width:20%;width:calc(20% - ( ( 4% + 4% ) * 0.2 ) );margin-right: 4%;\"><div class=\"fusion-column-wrapper fusion-flex-column-wrapper-legacy\"><div class=\"fusion-clearfix\"><\/div><\/div><\/div><div class=\"fusion-layout-column fusion_builder_column fusion-builder-column-26 fusion_builder_column_3_5 3_5 fusion-three-fifth fusion-animated\" style=\"--awb-padding-top:0px;--awb-bg-size:cover;width:60%;width:calc(60% - ( ( 4% + 4% ) * 0.6 ) );margin-right: 4%;\" data-animationType=\"fadeIn\" data-animationDuration=\"0.3\" data-animationOffset=\"top-into-view\"><div class=\"fusion-column-wrapper fusion-flex-column-wrapper-legacy\"><div class=\"fusion-column-content-centered\"><div class=\"fusion-column-content\"><div class=\"fusion-sep-clear\"><\/div><div class=\"fusion-separator fusion-full-width-sep\" style=\"margin-left: auto;margin-right: auto;margin-top:0%;width:100%;\"><div class=\"fusion-separator-border sep-single sep-solid\" style=\"--awb-height:20px;--awb-amount:20px;--awb-sep-color:rgba(76,98,142,0.31);border-color:rgba(76,98,142,0.31);border-top-width:1px;\"><\/div><\/div><div class=\"fusion-sep-clear\"><\/div><\/div><\/div><div class=\"fusion-clearfix\"><\/div><\/div><\/div><div class=\"fusion-layout-column fusion_builder_column fusion-builder-column-27 fusion_builder_column_1_5 1_5 fusion-one-fifth fusion-column-last\" style=\"--awb-bg-size:cover;width:20%;width:calc(20% - ( ( 4% + 4% ) * 0.2 ) );\"><div class=\"fusion-column-wrapper fusion-flex-column-wrapper-legacy\"><div class=\"fusion-clearfix\"><\/div><\/div><\/div><\/div><\/div><\/p>","protected":false},"excerpt":{"rendered":"","protected":false},"author":2,"featured_media":0,"parent":0,"menu_order":0,"comment_status":"closed","ping_status":"closed","template":"100-width.php","meta":{"footnotes":""},"class_list":["post-29","page","type-page","status-publish","hentry"],"yoast_head":"<!-- This site is optimized with the Yoast SEO plugin v26.1.1 - https:\/\/yoast.com\/wordpress\/plugins\/seo\/ -->\n<title>Platinum Technologies Inc &#8226; Servir ceux qui nous ont servi<\/title>\n<meta name=\"description\" content=\"Based in St Albert Alberta, just outside Edmonton, Platinum Technologies Inc (PTI) has workers working on sites all across Canada. We help secure employment opportunities for former Canadian military, government and law enforcement personnel.\" \/>\n<meta name=\"robots\" content=\"index, follow, max-snippet:-1, max-image-preview:large, max-video-preview:-1\" \/>\n<link rel=\"canonical\" href=\"https:\/\/platinumtechnologiesinc.ca\/en\/\" \/>\n<meta property=\"og:locale\" content=\"fr_FR\" \/>\n<meta property=\"og:type\" content=\"article\" \/>\n<meta property=\"og:title\" content=\"Platinum Technologies Inc &#8226; Servir ceux qui nous ont servi\" \/>\n<meta property=\"og:description\" content=\"Based in St Albert Alberta, just outside Edmonton, Platinum Technologies Inc (PTI) has workers working on sites all across Canada. We help secure employment opportunities for former Canadian military, government and law enforcement personnel.\" \/>\n<meta property=\"og:url\" content=\"https:\/\/platinumtechnologiesinc.ca\/en\/\" \/>\n<meta property=\"og:site_name\" content=\"Platinum Technologies Inc\" \/>\n<meta property=\"article:modified_time\" content=\"2024-07-30T04:10:57+00:00\" \/>\n<meta name=\"twitter:card\" content=\"summary_large_image\" \/>\n<meta name=\"twitter:label1\" content=\"Dur\u00e9e de lecture estim\u00e9e\" \/>\n\t<meta name=\"twitter:data1\" content=\"1 minute\" \/>\n<script type=\"application\/ld+json\" class=\"yoast-schema-graph\">{\"@context\":\"https:\/\/schema.org\",\"@graph\":[{\"@type\":\"WebPage\",\"@id\":\"https:\/\/platinumtechnologiesinc.ca\/en\/\",\"url\":\"https:\/\/platinumtechnologiesinc.ca\/en\/\",\"name\":\"Platinum Technologies Inc &#8226; Servir ceux qui nous ont servi\",\"isPartOf\":{\"@id\":\"https:\/\/platinumtechnologiesinc.ca\/en\/#website\"},\"datePublished\":\"2017-11-02T17:04:12+00:00\",\"dateModified\":\"2024-07-30T04:10:57+00:00\",\"description\":\"Based in St Albert Alberta, just outside Edmonton, Platinum Technologies Inc (PTI) has workers working on sites all across Canada. We help secure employment opportunities for former Canadian military, government and law enforcement personnel.\",\"breadcrumb\":{\"@id\":\"https:\/\/platinumtechnologiesinc.ca\/en\/#breadcrumb\"},\"inLanguage\":\"fr-FR\",\"potentialAction\":[{\"@type\":\"ReadAction\",\"target\":[\"https:\/\/platinumtechnologiesinc.ca\/en\/\"]}]},{\"@type\":\"BreadcrumbList\",\"@id\":\"https:\/\/platinumtechnologiesinc.ca\/en\/#breadcrumb\",\"itemListElement\":[{\"@type\":\"ListItem\",\"position\":1,\"name\":\"Home\",\"item\":\"https:\/\/platinumtechnologiesinc.ca\/en\/\"},{\"@type\":\"ListItem\",\"position\":2,\"name\":\"Homepage\"}]},{\"@type\":\"WebSite\",\"@id\":\"https:\/\/platinumtechnologiesinc.ca\/en\/#website\",\"url\":\"https:\/\/platinumtechnologiesinc.ca\/en\/\",\"name\":\"Platinum Technologies Inc\",\"description\":\"Servir ceux qui nous ont servi\",\"publisher\":{\"@id\":\"https:\/\/platinumtechnologiesinc.ca\/en\/#organization\"},\"potentialAction\":[{\"@type\":\"SearchAction\",\"target\":{\"@type\":\"EntryPoint\",\"urlTemplate\":\"https:\/\/platinumtechnologiesinc.ca\/en\/?s={search_term_string}\"},\"query-input\":{\"@type\":\"PropertyValueSpecification\",\"valueRequired\":true,\"valueName\":\"search_term_string\"}}],\"inLanguage\":\"fr-FR\"},{\"@type\":\"Organization\",\"@id\":\"https:\/\/platinumtechnologiesinc.ca\/en\/#organization\",\"name\":\"Platinum Technologies Inc.\",\"url\":\"https:\/\/platinumtechnologiesinc.ca\/en\/\",\"logo\":{\"@type\":\"ImageObject\",\"inLanguage\":\"fr-FR\",\"@id\":\"https:\/\/platinumtechnologiesinc.ca\/en\/#\/schema\/logo\/image\/\",\"url\":\"https:\/\/platinumtechnologiesinc.ca\/wp-content\/uploads\/2017\/11\/logo_white-shadow.png\",\"contentUrl\":\"https:\/\/platinumtechnologiesinc.ca\/wp-content\/uploads\/2017\/11\/logo_white-shadow.png\",\"width\":220,\"height\":60,\"caption\":\"Platinum Technologies Inc.\"},\"image\":{\"@id\":\"https:\/\/platinumtechnologiesinc.ca\/en\/#\/schema\/logo\/image\/\"}}]}<\/script>\n<!-- \/ Yoast SEO plugin. -->","yoast_head_json":{"title":"Platinum Technologies Inc &#8226; Servir ceux qui nous ont servi","description":"Based in St Albert Alberta, just outside Edmonton, Platinum Technologies Inc (PTI) has workers working on sites all across Canada. We help secure employment opportunities for former Canadian military, government and law enforcement personnel.","robots":{"index":"index","follow":"follow","max-snippet":"max-snippet:-1","max-image-preview":"max-image-preview:large","max-video-preview":"max-video-preview:-1"},"canonical":"https:\/\/platinumtechnologiesinc.ca\/en\/","og_locale":"fr_FR","og_type":"article","og_title":"Platinum Technologies Inc &#8226; Servir ceux qui nous ont servi","og_description":"Based in St Albert Alberta, just outside Edmonton, Platinum Technologies Inc (PTI) has workers working on sites all across Canada. We help secure employment opportunities for former Canadian military, government and law enforcement personnel.","og_url":"https:\/\/platinumtechnologiesinc.ca\/en\/","og_site_name":"Platinum Technologies Inc","article_modified_time":"2024-07-30T04:10:57+00:00","twitter_card":"summary_large_image","twitter_misc":{"Dur\u00e9e de lecture estim\u00e9e":"1 minute"},"schema":{"@context":"https:\/\/schema.org","@graph":[{"@type":"WebPage","@id":"https:\/\/platinumtechnologiesinc.ca\/en\/","url":"https:\/\/platinumtechnologiesinc.ca\/en\/","name":"Platinum Technologies Inc &#8226; Servir ceux qui nous ont servi","isPartOf":{"@id":"https:\/\/platinumtechnologiesinc.ca\/en\/#website"},"datePublished":"2017-11-02T17:04:12+00:00","dateModified":"2024-07-30T04:10:57+00:00","description":"Based in St Albert Alberta, just outside Edmonton, Platinum Technologies Inc (PTI) has workers working on sites all across Canada. We help secure employment opportunities for former Canadian military, government and law enforcement personnel.","breadcrumb":{"@id":"https:\/\/platinumtechnologiesinc.ca\/en\/#breadcrumb"},"inLanguage":"fr-FR","potentialAction":[{"@type":"ReadAction","target":["https:\/\/platinumtechnologiesinc.ca\/en\/"]}]},{"@type":"BreadcrumbList","@id":"https:\/\/platinumtechnologiesinc.ca\/en\/#breadcrumb","itemListElement":[{"@type":"ListItem","position":1,"name":"Home","item":"https:\/\/platinumtechnologiesinc.ca\/en\/"},{"@type":"ListItem","position":2,"name":"Homepage"}]},{"@type":"WebSite","@id":"https:\/\/platinumtechnologiesinc.ca\/en\/#website","url":"https:\/\/platinumtechnologiesinc.ca\/en\/","name":"Platinum Technologies Inc","description":"Servir ceux qui nous ont servi","publisher":{"@id":"https:\/\/platinumtechnologiesinc.ca\/en\/#organization"},"potentialAction":[{"@type":"SearchAction","target":{"@type":"EntryPoint","urlTemplate":"https:\/\/platinumtechnologiesinc.ca\/en\/?s={search_term_string}"},"query-input":{"@type":"PropertyValueSpecification","valueRequired":true,"valueName":"search_term_string"}}],"inLanguage":"fr-FR"},{"@type":"Organization","@id":"https:\/\/platinumtechnologiesinc.ca\/en\/#organization","name":"Platinum Technologies Inc.","url":"https:\/\/platinumtechnologiesinc.ca\/en\/","logo":{"@type":"ImageObject","inLanguage":"fr-FR","@id":"https:\/\/platinumtechnologiesinc.ca\/en\/#\/schema\/logo\/image\/","url":"https:\/\/platinumtechnologiesinc.ca\/wp-content\/uploads\/2017\/11\/logo_white-shadow.png","contentUrl":"https:\/\/platinumtechnologiesinc.ca\/wp-content\/uploads\/2017\/11\/logo_white-shadow.png","width":220,"height":60,"caption":"Platinum Technologies Inc."},"image":{"@id":"https:\/\/platinumtechnologiesinc.ca\/en\/#\/schema\/logo\/image\/"}}]}},"_links":{"self":[{"href":"https:\/\/platinumtechnologiesinc.ca\/fr\/wp-json\/wp\/v2\/pages\/29","targetHints":{"allow":["GET"]}}],"collection":[{"href":"https:\/\/platinumtechnologiesinc.ca\/fr\/wp-json\/wp\/v2\/pages"}],"about":[{"href":"https:\/\/platinumtechnologiesinc.ca\/fr\/wp-json\/wp\/v2\/types\/page"}],"author":[{"embeddable":true,"href":"https:\/\/platinumtechnologiesinc.ca\/fr\/wp-json\/wp\/v2\/users\/2"}],"replies":[{"embeddable":true,"href":"https:\/\/platinumtechnologiesinc.ca\/fr\/wp-json\/wp\/v2\/comments?post=29"}],"version-history":[{"count":4,"href":"https:\/\/platinumtechnologiesinc.ca\/fr\/wp-json\/wp\/v2\/pages\/29\/revisions"}],"predecessor-version":[{"id":1536,"href":"https:\/\/platinumtechnologiesinc.ca\/fr\/wp-json\/wp\/v2\/pages\/29\/revisions\/1536"}],"wp:attachment":[{"href":"https:\/\/platinumtechnologiesinc.ca\/fr\/wp-json\/wp\/v2\/media?parent=29"}],"curies":[{"name":"wp","href":"https:\/\/api.w.org\/{rel}","templated":true}]}}