{"id":658,"date":"2017-11-22T11:10:08","date_gmt":"2017-11-22T18:10:08","guid":{"rendered":"http:\/\/platinum.bluehaus.com\/?page_id=658"},"modified":"2018-01-18T11:21:09","modified_gmt":"2018-01-18T18:21:09","slug":"404-error","status":"publish","type":"page","link":"https:\/\/platinumtechnologiesinc.ca\/fr\/404-error\/","title":{"rendered":"404 Error"},"content":{"rendered":"<p><div class=\"fusion-fullwidth fullwidth-box fusion-builder-row-4 hundred-percent-fullwidth non-hundred-percent-height-scrolling fusion-equal-height-columns\" style=\"--awb-background-position:left top;--awb-border-radius-top-left:0px;--awb-border-radius-top-right:0px;--awb-border-radius-bottom-right:0px;--awb-border-radius-bottom-left:0px;--awb-padding-top:0px;--awb-padding-right:0px;--awb-padding-bottom:0px;--awb-padding-left:0px;--awb-background-color:yes;--awb-border-sizes-top:0px;--awb-border-sizes-bottom:0px;--awb-flex-wrap:wrap;\" ><div class=\"fusion-builder-row fusion-row\"><div class=\"fusion-layout-column fusion_builder_column fusion-builder-column-16 fusion_builder_column_1_1 1_1 fusion-one-full fusion-column-first fusion-column-last fusion-column-no-min-height fusion-animated\" style=\"--awb-bg-size:cover;--awb-margin-bottom:0px;\" data-animationType=\"fadeIn\" data-animationDuration=\"0.2\" data-animationOffset=\"top-into-view\"><div class=\"fusion-column-wrapper fusion-flex-column-wrapper-legacy\"><div class=\"fusion-column-content-centered\"><div class=\"fusion-column-content\"><div class=\"gradient_bar\"><\/div><\/div><\/div><div class=\"fusion-clearfix\"><\/div><\/div><\/div><\/div><\/div><div class=\"fusion-fullwidth fullwidth-box fusion-builder-row-5 hundred-percent-fullwidth non-hundred-percent-height-scrolling\" style=\"--awb-border-radius-top-left:0px;--awb-border-radius-top-right:0px;--awb-border-radius-bottom-right:0px;--awb-border-radius-bottom-left:0px;--awb-padding-top:65px;--awb-padding-bottom:50px;--awb-margin-top:-43px;--awb-margin-bottom:-40px;--awb-background-color:rgba(36,36,36,0);--awb-flex-wrap:wrap;\" ><div class=\"fusion-builder-row fusion-row\"><div class=\"fusion-layout-column fusion_builder_column fusion-builder-column-17 fusion_builder_column_1_1 1_1 fusion-one-full fusion-column-first fusion-column-last fusion-animated titlebar\" style=\"--awb-padding-top:2px;--awb-bg-size:cover;--awb-margin-bottom:0px;\" data-animationType=\"fadeInUp\" data-animationDuration=\"0.6\" data-animationOffset=\"top-into-view\"><div class=\"fusion-column-wrapper fusion-flex-column-wrapper-legacy\"><div class=\"fusion-column-content-centered\"><div class=\"fusion-column-content\"><div class=\"fusion-text fusion-text-4\"><h1 class=\"left\" style=\"text-align: center;\">Whoops!<\/h1>\n<h5 style=\"text-align: center;\">404 Page d&rsquo;erreur<\/h5>\n<\/div><div class=\"fusion-text fusion-text-5\"><h1 class=\"script\">Whoops!<\/h1>\n<\/div><\/div><\/div><div class=\"fusion-clearfix\"><\/div><\/div><\/div><\/div><\/div><div class=\"fusion-fullwidth fullwidth-box fusion-builder-row-6 hundred-percent-fullwidth non-hundred-percent-height-scrolling\" style=\"--awb-border-radius-top-left:0px;--awb-border-radius-top-right:0px;--awb-border-radius-bottom-right:0px;--awb-border-radius-bottom-left:0px;--awb-margin-top:-43px;--awb-margin-bottom:-40px;--awb-background-color:rgba(36,36,36,0);--awb-flex-wrap:wrap;\" ><div class=\"fusion-builder-row fusion-row\"><div class=\"fusion-layout-column fusion_builder_column fusion-builder-column-18 fusion_builder_column_1_5 1_5 fusion-one-fifth fusion-column-first\" style=\"--awb-bg-size:cover;width:20%;width:calc(20% - ( ( 4% + 4% ) * 0.2 ) );margin-right: 4%;\"><div class=\"fusion-column-wrapper fusion-flex-column-wrapper-legacy\"><div class=\"fusion-clearfix\"><\/div><\/div><\/div><div class=\"fusion-layout-column fusion_builder_column fusion-builder-column-19 fusion_builder_column_3_5 3_5 fusion-three-fifth fusion-animated\" style=\"--awb-bg-size:cover;width:60%;width:calc(60% - ( ( 4% + 4% ) * 0.6 ) );margin-right: 4%;\" data-animationType=\"fadeInUp\" data-animationDuration=\"0.9\" data-animationOffset=\"top-into-view\"><div class=\"fusion-column-wrapper fusion-flex-column-wrapper-legacy\"><div class=\"fusion-column-content-centered\"><div class=\"fusion-column-content\"><div class=\"fusion-sep-clear\"><\/div><div class=\"fusion-separator fusion-full-width-sep\" style=\"margin-left: auto;margin-right: auto;width:100%;\"><div class=\"fusion-separator-border sep-single sep-solid\" style=\"--awb-height:20px;--awb-amount:20px;--awb-sep-color:rgba(76,98,142,0.31);border-color:rgba(76,98,142,0.31);border-top-width:1px;\"><\/div><\/div><div class=\"fusion-sep-clear\"><\/div><\/div><\/div><div class=\"fusion-clearfix\"><\/div><\/div><\/div><div class=\"fusion-layout-column fusion_builder_column fusion-builder-column-20 fusion_builder_column_1_5 1_5 fusion-one-fifth fusion-column-last\" style=\"--awb-bg-size:cover;width:20%;width:calc(20% - ( ( 4% + 4% ) * 0.2 ) );\"><div class=\"fusion-column-wrapper fusion-flex-column-wrapper-legacy\"><div class=\"fusion-clearfix\"><\/div><\/div><\/div><div class=\"fusion-layout-column fusion_builder_column fusion-builder-column-21 fusion_builder_column_1_5 1_5 fusion-one-fifth fusion-column-first\" style=\"--awb-bg-size:cover;width:20%;width:calc(20% - ( ( 4% + 4% ) * 0.2 ) );margin-right: 4%;\"><div class=\"fusion-column-wrapper fusion-flex-column-wrapper-legacy\"><div class=\"fusion-clearfix\"><\/div><\/div><\/div><div class=\"fusion-layout-column fusion_builder_column fusion-builder-column-22 fusion_builder_column_3_5 3_5 fusion-three-fifth fusion-animated body_columns_\" style=\"--awb-padding-bottom:10px;--awb-bg-size:cover;--awb-margin-bottom:0px;width:60%;width:calc(60% - ( ( 4% + 4% ) * 0.6 ) );margin-right: 4%;\" data-animationType=\"fadeInUp\" data-animationDuration=\"0.6\" data-animationOffset=\"top-into-view\"><div class=\"fusion-column-wrapper fusion-flex-column-wrapper-legacy\"><div class=\"fusion-column-content-centered\"><div class=\"fusion-column-content\"><div class=\"fusion-text fusion-text-6\"><h2 style=\"text-align: center;\">Nous sommes d\u00e9sol\u00e9s, nous n&rsquo;arrivons pas \u00e0 trouver la page que vous recherchez.<\/h2>\n<h3 style=\"text-align: center;\">Il a peut-\u00eatre \u00e9t\u00e9 d\u00e9plac\u00e9 ou supprim\u00e9. Ou peut-\u00eatre que \u00e7a n&rsquo;a m\u00eame jamais exist\u00e9! Pas besoin de paniquer, cependant, vous pouvez toujours nous\u00a0<a href=\"https:\/\/platinumtechnologiesinc.ca\/contact\/\">contactez nous<\/a>\u00a0contactez nous si vous pensez qu&rsquo;il s&rsquo;agit d&rsquo;une erreur ou choisissez l&rsquo;une des options suivantes:<\/h3>\n<\/div><\/div><\/div><div class=\"fusion-clearfix\"><\/div><\/div><\/div><div class=\"fusion-layout-column fusion_builder_column fusion-builder-column-23 fusion_builder_column_1_5 1_5 fusion-one-fifth fusion-column-last\" style=\"--awb-bg-size:cover;width:20%;width:calc(20% - ( ( 4% + 4% ) * 0.2 ) );\"><div class=\"fusion-column-wrapper fusion-flex-column-wrapper-legacy\"><div class=\"fusion-clearfix\"><\/div><\/div><\/div><div class=\"fusion-layout-column fusion_builder_column fusion-builder-column-24 fusion_builder_column_1_5 1_5 fusion-one-fifth fusion-column-first\" style=\"--awb-bg-size:cover;width:20%;width:calc(20% - ( ( 4% + 4% + 4% + 4% ) * 0.2 ) );margin-right: 4%;\"><div class=\"fusion-column-wrapper fusion-flex-column-wrapper-legacy\"><div class=\"fusion-clearfix\"><\/div><\/div><\/div><div class=\"fusion-layout-column fusion_builder_column fusion-builder-column-25 fusion_builder_column_1_5 1_5 fusion-one-fifth fusion-animated\" style=\"--awb-bg-size:cover;--awb-border-color:#607d8b;--awb-border-top:1px;--awb-border-right:1px;--awb-border-bottom:1px;--awb-border-left:1px;--awb-border-style:solid;width:20%;width:calc(20% - ( ( 4% + 4% + 4% + 4% ) * 0.2 ) );margin-right: 4%;\" data-animationType=\"fadeInUp\" data-animationDuration=\"0.3\" data-animationOffset=\"top-into-view\"><div class=\"fusion-column-wrapper fusion-flex-column-wrapper-legacy\"><div class=\"fusion-column-content-centered\"><div class=\"fusion-column-content\"><div class=\"fusion-button-wrapper fusion-aligncenter\"><a class=\"fusion-button button-flat fusion-button-default-size button-default fusion-button-default button-4 fusion-button-default-span fusion-button-default-type fusion-animated\" data-animationType=\"fadeInUp\" data-animationDuration=\"1.0\" data-animationOffset=\"top-into-view\" target=\"_self\" title=\"Platinum Technologies Inc. \" aria-label=\"Platinum Technologies Inc. \" href=\"https:\/\/platinumtechnologiesinc.ca\/\"><span class=\"fusion-button-text awb-button__text awb-button__text--default\">Visitez notre page d&rsquo;accueil<\/span><\/a><\/div><\/div><\/div><div class=\"fusion-clearfix\"><\/div><\/div><\/div><div class=\"fusion-layout-column fusion_builder_column fusion-builder-column-26 fusion_builder_column_1_5 1_5 fusion-one-fifth fusion-animated\" style=\"--awb-bg-size:cover;--awb-border-color:#607d8b;--awb-border-top:1px;--awb-border-right:1px;--awb-border-bottom:1px;--awb-border-left:1px;--awb-border-style:solid;width:20%;width:calc(20% - ( ( 4% + 4% + 4% + 4% ) * 0.2 ) );margin-right: 4%;\" data-animationType=\"fadeInUp\" data-animationDuration=\"0.6\" data-animationOffset=\"top-into-view\"><div class=\"fusion-column-wrapper fusion-flex-column-wrapper-legacy\"><div class=\"fusion-column-content-centered\"><div class=\"fusion-column-content\"><div class=\"fusion-button-wrapper fusion-align-block\"><a class=\"fusion-button button-flat fusion-button-default-size button-default fusion-button-default button-5 fusion-button-span-yes fusion-button-default-type fusion-animated\" data-animationType=\"fadeInUp\" data-animationDuration=\"1.0\" data-animationOffset=\"top-into-view\" target=\"_self\" title=\"Voir nos Opportunit\u00e9s\" aria-label=\"Voir nos Opportunit\u00e9s\" href=\"\/opportunities\/\"><span class=\"fusion-button-text awb-button__text awb-button__text--default\">Voir nos Opportunit\u00e9s<\/span><\/a><\/div><\/div><\/div><div class=\"fusion-clearfix\"><\/div><\/div><\/div><div class=\"fusion-layout-column fusion_builder_column fusion-builder-column-27 fusion_builder_column_1_5 1_5 fusion-one-fifth fusion-animated\" style=\"--awb-bg-size:cover;--awb-border-color:#607d8b;--awb-border-top:1px;--awb-border-right:1px;--awb-border-bottom:1px;--awb-border-left:1px;--awb-border-style:solid;width:20%;width:calc(20% - ( ( 4% + 4% + 4% + 4% ) * 0.2 ) );margin-right: 4%;\" data-animationType=\"fadeInUp\" data-animationDuration=\"0.9\" data-animationOffset=\"top-into-view\"><div class=\"fusion-column-wrapper fusion-flex-column-wrapper-legacy\"><div class=\"fusion-column-content-centered\"><div class=\"fusion-column-content\"><div class=\"fusion-button-wrapper fusion-aligncenter\"><a class=\"fusion-button button-flat fusion-button-default-size button-default fusion-button-default button-6 fusion-button-default-span fusion-button-default-type fusion-animated\" data-animationType=\"fadeInUp\" data-animationDuration=\"1.0\" data-animationOffset=\"top-into-view\" target=\"_self\" title=\"En savoir plus sur nous\" aria-label=\"En savoir plus sur nous\" href=\"\/about\/\"><span class=\"fusion-button-text awb-button__text awb-button__text--default\">En savoir plus sur nous<\/span><\/a><\/div><\/div><\/div><div class=\"fusion-clearfix\"><\/div><\/div><\/div><div class=\"fusion-layout-column fusion_builder_column fusion-builder-column-28 fusion_builder_column_1_5 1_5 fusion-one-fifth fusion-column-last\" style=\"--awb-bg-size:cover;width:20%;width:calc(20% - ( ( 4% + 4% + 4% + 4% ) * 0.2 ) );\"><div class=\"fusion-column-wrapper fusion-flex-column-wrapper-legacy\"><div class=\"fusion-clearfix\"><\/div><\/div><\/div><div class=\"fusion-layout-column fusion_builder_column fusion-builder-column-29 fusion_builder_column_1_5 1_5 fusion-one-fifth fusion-column-first\" style=\"--awb-bg-size:cover;width:20%;width:calc(20% - ( ( 4% + 4% ) * 0.2 ) );margin-right: 4%;\"><div class=\"fusion-column-wrapper fusion-flex-column-wrapper-legacy\"><div class=\"fusion-clearfix\"><\/div><\/div><\/div><div class=\"fusion-layout-column fusion_builder_column fusion-builder-column-30 fusion_builder_column_3_5 3_5 fusion-three-fifth fusion-animated\" style=\"--awb-padding-top:0px;--awb-bg-size:cover;width:60%;width:calc(60% - ( ( 4% + 4% ) * 0.6 ) );margin-right: 4%;\" data-animationType=\"fadeInUp\" data-animationDuration=\"0.3\" data-animationOffset=\"top-into-view\"><div class=\"fusion-column-wrapper fusion-flex-column-wrapper-legacy\"><div class=\"fusion-column-content-centered\"><div class=\"fusion-column-content\"><div class=\"fusion-sep-clear\"><\/div><div class=\"fusion-separator fusion-full-width-sep\" style=\"margin-left: auto;margin-right: auto;width:100%;\"><div class=\"fusion-separator-border sep-single sep-solid\" style=\"--awb-height:20px;--awb-amount:20px;--awb-sep-color:rgba(76,98,142,0.31);border-color:rgba(76,98,142,0.31);border-top-width:1px;\"><\/div><\/div><div class=\"fusion-sep-clear\"><\/div><\/div><\/div><div class=\"fusion-clearfix\"><\/div><\/div><\/div><div class=\"fusion-layout-column fusion_builder_column fusion-builder-column-31 fusion_builder_column_1_5 1_5 fusion-one-fifth fusion-column-last\" style=\"--awb-bg-size:cover;width:20%;width:calc(20% - ( ( 4% + 4% ) * 0.2 ) );\"><div class=\"fusion-column-wrapper fusion-flex-column-wrapper-legacy\"><div class=\"fusion-clearfix\"><\/div><\/div><\/div><\/div><\/div><\/p>","protected":false},"excerpt":{"rendered":"","protected":false},"author":2,"featured_media":0,"parent":0,"menu_order":50,"comment_status":"closed","ping_status":"closed","template":"100-width.php","meta":{"footnotes":""},"class_list":["post-658","page","type-page","status-publish","hentry"],"yoast_head":"<!-- This site is optimized with the Yoast SEO plugin v26.1.1 - https:\/\/yoast.com\/wordpress\/plugins\/seo\/ -->\n<title>404 Error &#8226; Platinum Technologies Inc &#8226; Servir ceux qui nous ont servi<\/title>\n<meta name=\"description\" content=\"Based in St Albert, Alberta just outside Edmonton, PTI has workers working on sites all across Canada.\" \/>\n<meta name=\"robots\" content=\"index, follow, max-snippet:-1, max-image-preview:large, max-video-preview:-1\" \/>\n<link rel=\"canonical\" href=\"https:\/\/platinumtechnologiesinc.ca\/en\/404-error\/\" \/>\n<meta property=\"og:locale\" content=\"fr_FR\" \/>\n<meta property=\"og:type\" content=\"article\" \/>\n<meta property=\"og:title\" content=\"404 Error &#8226; Platinum Technologies Inc &#8226; Servir ceux qui nous ont servi\" \/>\n<meta property=\"og:description\" content=\"Based in St Albert, Alberta just outside Edmonton, PTI has workers working on sites all across Canada.\" \/>\n<meta property=\"og:url\" content=\"https:\/\/platinumtechnologiesinc.ca\/en\/404-error\/\" \/>\n<meta property=\"og:site_name\" content=\"Platinum Technologies Inc\" \/>\n<meta property=\"article:modified_time\" content=\"2018-01-18T18:21:09+00:00\" \/>\n<meta name=\"twitter:card\" content=\"summary_large_image\" \/>\n<meta name=\"twitter:label1\" content=\"Dur\u00e9e de lecture estim\u00e9e\" \/>\n\t<meta name=\"twitter:data1\" content=\"19 minutes\" \/>\n<script type=\"application\/ld+json\" class=\"yoast-schema-graph\">{\"@context\":\"https:\/\/schema.org\",\"@graph\":[{\"@type\":\"WebPage\",\"@id\":\"https:\/\/platinumtechnologiesinc.ca\/en\/404-error\/\",\"url\":\"https:\/\/platinumtechnologiesinc.ca\/en\/404-error\/\",\"name\":\"404 Error &#8226; Platinum Technologies Inc &#8226; Servir ceux qui nous ont servi\",\"isPartOf\":{\"@id\":\"https:\/\/platinumtechnologiesinc.ca\/en\/#website\"},\"datePublished\":\"2017-11-22T18:10:08+00:00\",\"dateModified\":\"2018-01-18T18:21:09+00:00\",\"description\":\"Based in St Albert, Alberta just outside Edmonton, PTI has workers working on sites all across Canada.\",\"breadcrumb\":{\"@id\":\"https:\/\/platinumtechnologiesinc.ca\/en\/404-error\/#breadcrumb\"},\"inLanguage\":\"fr-FR\",\"potentialAction\":[{\"@type\":\"ReadAction\",\"target\":[\"https:\/\/platinumtechnologiesinc.ca\/en\/404-error\/\"]}]},{\"@type\":\"BreadcrumbList\",\"@id\":\"https:\/\/platinumtechnologiesinc.ca\/en\/404-error\/#breadcrumb\",\"itemListElement\":[{\"@type\":\"ListItem\",\"position\":1,\"name\":\"Home\",\"item\":\"https:\/\/platinumtechnologiesinc.ca\/en\/\"},{\"@type\":\"ListItem\",\"position\":2,\"name\":\"404 Error\"}]},{\"@type\":\"WebSite\",\"@id\":\"https:\/\/platinumtechnologiesinc.ca\/en\/#website\",\"url\":\"https:\/\/platinumtechnologiesinc.ca\/en\/\",\"name\":\"Platinum Technologies Inc\",\"description\":\"Servir ceux qui nous ont servi\",\"publisher\":{\"@id\":\"https:\/\/platinumtechnologiesinc.ca\/en\/#organization\"},\"potentialAction\":[{\"@type\":\"SearchAction\",\"target\":{\"@type\":\"EntryPoint\",\"urlTemplate\":\"https:\/\/platinumtechnologiesinc.ca\/en\/?s={search_term_string}\"},\"query-input\":{\"@type\":\"PropertyValueSpecification\",\"valueRequired\":true,\"valueName\":\"search_term_string\"}}],\"inLanguage\":\"fr-FR\"},{\"@type\":\"Organization\",\"@id\":\"https:\/\/platinumtechnologiesinc.ca\/en\/#organization\",\"name\":\"Platinum Technologies Inc.\",\"url\":\"https:\/\/platinumtechnologiesinc.ca\/en\/\",\"logo\":{\"@type\":\"ImageObject\",\"inLanguage\":\"fr-FR\",\"@id\":\"https:\/\/platinumtechnologiesinc.ca\/en\/#\/schema\/logo\/image\/\",\"url\":\"https:\/\/platinumtechnologiesinc.ca\/wp-content\/uploads\/2017\/11\/logo_white-shadow.png\",\"contentUrl\":\"https:\/\/platinumtechnologiesinc.ca\/wp-content\/uploads\/2017\/11\/logo_white-shadow.png\",\"width\":220,\"height\":60,\"caption\":\"Platinum Technologies Inc.\"},\"image\":{\"@id\":\"https:\/\/platinumtechnologiesinc.ca\/en\/#\/schema\/logo\/image\/\"}}]}<\/script>\n<!-- \/ Yoast SEO plugin. -->","yoast_head_json":{"title":"404 Error &#8226; Platinum Technologies Inc &#8226; Servir ceux qui nous ont servi","description":"Based in St Albert, Alberta just outside Edmonton, PTI has workers working on sites all across Canada.","robots":{"index":"index","follow":"follow","max-snippet":"max-snippet:-1","max-image-preview":"max-image-preview:large","max-video-preview":"max-video-preview:-1"},"canonical":"https:\/\/platinumtechnologiesinc.ca\/en\/404-error\/","og_locale":"fr_FR","og_type":"article","og_title":"404 Error &#8226; Platinum Technologies Inc &#8226; Servir ceux qui nous ont servi","og_description":"Based in St Albert, Alberta just outside Edmonton, PTI has workers working on sites all across Canada.","og_url":"https:\/\/platinumtechnologiesinc.ca\/en\/404-error\/","og_site_name":"Platinum Technologies Inc","article_modified_time":"2018-01-18T18:21:09+00:00","twitter_card":"summary_large_image","twitter_misc":{"Dur\u00e9e de lecture estim\u00e9e":"19 minutes"},"schema":{"@context":"https:\/\/schema.org","@graph":[{"@type":"WebPage","@id":"https:\/\/platinumtechnologiesinc.ca\/en\/404-error\/","url":"https:\/\/platinumtechnologiesinc.ca\/en\/404-error\/","name":"404 Error &#8226; Platinum Technologies Inc &#8226; Servir ceux qui nous ont servi","isPartOf":{"@id":"https:\/\/platinumtechnologiesinc.ca\/en\/#website"},"datePublished":"2017-11-22T18:10:08+00:00","dateModified":"2018-01-18T18:21:09+00:00","description":"Based in St Albert, Alberta just outside Edmonton, PTI has workers working on sites all across Canada.","breadcrumb":{"@id":"https:\/\/platinumtechnologiesinc.ca\/en\/404-error\/#breadcrumb"},"inLanguage":"fr-FR","potentialAction":[{"@type":"ReadAction","target":["https:\/\/platinumtechnologiesinc.ca\/en\/404-error\/"]}]},{"@type":"BreadcrumbList","@id":"https:\/\/platinumtechnologiesinc.ca\/en\/404-error\/#breadcrumb","itemListElement":[{"@type":"ListItem","position":1,"name":"Home","item":"https:\/\/platinumtechnologiesinc.ca\/en\/"},{"@type":"ListItem","position":2,"name":"404 Error"}]},{"@type":"WebSite","@id":"https:\/\/platinumtechnologiesinc.ca\/en\/#website","url":"https:\/\/platinumtechnologiesinc.ca\/en\/","name":"Platinum Technologies Inc","description":"Servir ceux qui nous ont servi","publisher":{"@id":"https:\/\/platinumtechnologiesinc.ca\/en\/#organization"},"potentialAction":[{"@type":"SearchAction","target":{"@type":"EntryPoint","urlTemplate":"https:\/\/platinumtechnologiesinc.ca\/en\/?s={search_term_string}"},"query-input":{"@type":"PropertyValueSpecification","valueRequired":true,"valueName":"search_term_string"}}],"inLanguage":"fr-FR"},{"@type":"Organization","@id":"https:\/\/platinumtechnologiesinc.ca\/en\/#organization","name":"Platinum Technologies Inc.","url":"https:\/\/platinumtechnologiesinc.ca\/en\/","logo":{"@type":"ImageObject","inLanguage":"fr-FR","@id":"https:\/\/platinumtechnologiesinc.ca\/en\/#\/schema\/logo\/image\/","url":"https:\/\/platinumtechnologiesinc.ca\/wp-content\/uploads\/2017\/11\/logo_white-shadow.png","contentUrl":"https:\/\/platinumtechnologiesinc.ca\/wp-content\/uploads\/2017\/11\/logo_white-shadow.png","width":220,"height":60,"caption":"Platinum Technologies Inc."},"image":{"@id":"https:\/\/platinumtechnologiesinc.ca\/en\/#\/schema\/logo\/image\/"}}]}},"_links":{"self":[{"href":"https:\/\/platinumtechnologiesinc.ca\/fr\/wp-json\/wp\/v2\/pages\/658","targetHints":{"allow":["GET"]}}],"collection":[{"href":"https:\/\/platinumtechnologiesinc.ca\/fr\/wp-json\/wp\/v2\/pages"}],"about":[{"href":"https:\/\/platinumtechnologiesinc.ca\/fr\/wp-json\/wp\/v2\/types\/page"}],"author":[{"embeddable":true,"href":"https:\/\/platinumtechnologiesinc.ca\/fr\/wp-json\/wp\/v2\/users\/2"}],"replies":[{"embeddable":true,"href":"https:\/\/platinumtechnologiesinc.ca\/fr\/wp-json\/wp\/v2\/comments?post=658"}],"version-history":[{"count":0,"href":"https:\/\/platinumtechnologiesinc.ca\/fr\/wp-json\/wp\/v2\/pages\/658\/revisions"}],"wp:attachment":[{"href":"https:\/\/platinumtechnologiesinc.ca\/fr\/wp-json\/wp\/v2\/media?parent=658"}],"curies":[{"name":"wp","href":"https:\/\/api.w.org\/{rel}","templated":true}]}}