{"id":859,"date":"2017-12-20T16:07:54","date_gmt":"2017-12-20T23:07:54","guid":{"rendered":"http:\/\/platinum.bluehaus.com\/?page_id=859"},"modified":"2018-01-19T12:05:46","modified_gmt":"2018-01-19T19:05:46","slug":"testimonials","status":"publish","type":"page","link":"https:\/\/platinumtechnologiesinc.ca\/fr\/testimonials\/","title":{"rendered":"T\u00c9MOIGNAGES"},"content":{"rendered":"<p><div class=\"fusion-fullwidth fullwidth-box fusion-builder-row-9 hundred-percent-fullwidth non-hundred-percent-height-scrolling fusion-equal-height-columns\" style=\"--awb-background-position:left top;--awb-border-radius-top-left:0px;--awb-border-radius-top-right:0px;--awb-border-radius-bottom-right:0px;--awb-border-radius-bottom-left:0px;--awb-padding-top:0px;--awb-padding-right:0px;--awb-padding-bottom:0px;--awb-padding-left:0px;--awb-background-color:yes;--awb-border-sizes-top:0px;--awb-border-sizes-bottom:0px;--awb-flex-wrap:wrap;\" ><div class=\"fusion-builder-row fusion-row\"><div class=\"fusion-layout-column fusion_builder_column fusion-builder-column-8 fusion_builder_column_1_1 1_1 fusion-one-full fusion-column-first fusion-column-last fusion-column-no-min-height fusion-animated\" style=\"--awb-bg-size:cover;--awb-margin-bottom:0px;\" data-animationType=\"fadeIn\" data-animationDuration=\"0.2\" data-animationOffset=\"top-into-view\"><div class=\"fusion-column-wrapper fusion-flex-column-wrapper-legacy\"><div class=\"fusion-column-content-centered\"><div class=\"fusion-column-content\"><div class=\"gradient_bar\"><\/div><\/div><\/div><div class=\"fusion-clearfix\"><\/div><\/div><\/div><\/div><\/div><div class=\"fusion-fullwidth fullwidth-box fusion-builder-row-10 hundred-percent-fullwidth non-hundred-percent-height-scrolling\" style=\"--awb-border-radius-top-left:0px;--awb-border-radius-top-right:0px;--awb-border-radius-bottom-right:0px;--awb-border-radius-bottom-left:0px;--awb-padding-top:65px;--awb-padding-bottom:50px;--awb-margin-top:-43px;--awb-margin-bottom:-40px;--awb-background-color:rgba(255,255,255,0);--awb-flex-wrap:wrap;\" ><div class=\"fusion-builder-row fusion-row\"><div class=\"fusion-layout-column fusion_builder_column fusion-builder-column-9 fusion_builder_column_1_1 1_1 fusion-one-full fusion-column-first fusion-column-last fusion-animated titlebar\" style=\"--awb-padding-top:2%;--awb-bg-size:cover;--awb-margin-bottom:0px;\" data-animationType=\"fadeInUp\" data-animationDuration=\"0.6\" data-animationOffset=\"top-into-view\"><div class=\"fusion-column-wrapper fusion-flex-column-wrapper-legacy\"><div class=\"fusion-column-content-centered\"><div class=\"fusion-column-content\"><div class=\"fusion-text fusion-text-9\"><h1 class=\"left\">T\u00e9moignages<\/h1>\n<\/div><div class=\"fusion-text fusion-text-10\"><h1 class=\"script\">T\u00e9moignages<\/h1>\n<\/div><\/div><\/div><div class=\"fusion-clearfix\"><\/div><\/div><\/div><\/div><\/div><div class=\"fusion-fullwidth fullwidth-box fusion-builder-row-11 nonhundred-percent-fullwidth non-hundred-percent-height-scrolling\" style=\"--awb-border-radius-top-left:0px;--awb-border-radius-top-right:0px;--awb-border-radius-bottom-right:0px;--awb-border-radius-bottom-left:0px;--awb-flex-wrap:wrap;\" ><div class=\"fusion-builder-row fusion-row\"><div class=\"fusion-layout-column fusion_builder_column fusion-builder-column-10 fusion_builder_column_1_1 1_1 fusion-one-full fusion-column-first fusion-column-last fusion-animated body_1column\" style=\"--awb-bg-size:cover;\" data-animationType=\"fadeInUp\" data-animationDuration=\"1.0\" data-animationOffset=\"top-into-view\"><div class=\"fusion-column-wrapper fusion-flex-column-wrapper-legacy\"><div class=\"fusion-column-content-centered\"><div class=\"fusion-column-content\"><div class=\"fusion-text fusion-text-11\"><h3 style=\"text-align: center;\"><em><sup class=\"quotes\"><i class=\"fa fa-quote-left \" ><\/i><\/sup> La premi\u00e8re fois que j&rsquo;ai rencontr\u00e9 Sherri Chapman, pr\u00e9sidente de Platinum Technologies Inc., je lui ai parl\u00e9 pendant plus d&rsquo;une heure \u00e0 propos de son entreprise. Elle a pass\u00e9 beaucoup de temps \u00e0 apprendre \u00e0 me conna\u00eetre aussi et \u00e0 me permettre de la conna\u00eetre comme personne et aussi, Platinum Technologies. Ce qui m&rsquo;a le plus frapp\u00e9 lors de cette r\u00e9union a \u00e9t\u00e9 la passion de Sherri pour l&rsquo;entreprise. Quand vous entendez des pr\u00e9sidents d&rsquo;entreprise parler, ils peuvent sembler artificiels et forc\u00e9s. Avec Sherri, c&rsquo;est authentique et \u00e7a se voit. Vous croyez en sa vision et \u00e0 travers sa passion, cela devient aussi votre vision. <sup class=\"quotes\"><i class=\"fa fa-quote-right \" ><\/i><\/sup><\/em><\/h3>\n<h5 style=\"text-align: center;\">&#8211; JR<\/h5>\n<\/div><div class=\"fusion-sep-clear\"><\/div><div class=\"fusion-separator fusion-has-icon fusion-full-width-sep\" style=\"margin-left: auto;margin-right: auto;margin-top:5%;width:100%;\"><div class=\"fusion-separator-border sep-single sep-solid\" style=\"--awb-height:20px;--awb-amount:20px;--awb-sep-color:rgba(76,98,142,0.31);border-color:rgba(76,98,142,0.31);border-top-width:1px;\"><\/div><span class=\"icon-wrapper\" style=\"border-color:rgba(76,98,142,0.31);background-color:rgba(255,255,255,0);font-size:14px;width: 1.75em; height: 1.75em;border-width:1px;padding:1px;margin-top:-0.5px\"><i class=\" fa fa-chevron-down\" style=\"font-size: inherit;color:rgba(76,98,142,0.31);\" aria-hidden=\"true\"><\/i><\/span><div class=\"fusion-separator-border sep-single sep-solid\" style=\"--awb-height:20px;--awb-amount:20px;--awb-sep-color:rgba(76,98,142,0.31);border-color:rgba(76,98,142,0.31);border-top-width:1px;\"><\/div><\/div><div class=\"fusion-sep-clear\"><\/div><\/div><\/div><div class=\"fusion-clearfix\"><\/div><\/div><\/div><\/div><\/div><div class=\"fusion-fullwidth fullwidth-box fusion-builder-row-12 nonhundred-percent-fullwidth non-hundred-percent-height-scrolling\" style=\"--awb-border-radius-top-left:0px;--awb-border-radius-top-right:0px;--awb-border-radius-bottom-right:0px;--awb-border-radius-bottom-left:0px;--awb-flex-wrap:wrap;\" ><div class=\"fusion-builder-row fusion-row\"><div class=\"fusion-layout-column fusion_builder_column fusion-builder-column-11 fusion_builder_column_1_1 1_1 fusion-one-full fusion-column-first fusion-column-last fusion-animated body_1column\" style=\"--awb-bg-size:cover;\" data-animationType=\"fadeInUp\" data-animationDuration=\"1.0\" data-animationOffset=\"top-into-view\"><div class=\"fusion-column-wrapper fusion-flex-column-wrapper-legacy\"><div class=\"fusion-column-content-centered\"><div class=\"fusion-column-content\"><div class=\"fusion-text fusion-text-12\"><h3 style=\"text-align: center;\"><em><sup class=\"quotes\"><i class=\"fa fa-quote-left \" ><\/i><\/sup> PTI est un employeur tr\u00e8s r\u00e9ceptif et inclusif, donc vous savez que vous \u00eates toujours un membre estim\u00e9. C&rsquo;est une tr\u00e8s bonne entreprise pour qui travailler. <sup class=\"quotes\"><i class=\"fa fa-quote-right \" ><\/i><\/sup><\/em><\/h3>\n<h5 style=\"text-align: center;\">&#8211; DM<\/h5>\n<\/div><div class=\"fusion-sep-clear\"><\/div><div class=\"fusion-separator fusion-has-icon fusion-full-width-sep\" style=\"margin-left: auto;margin-right: auto;margin-top:5%;width:100%;\"><div class=\"fusion-separator-border sep-single sep-solid\" style=\"--awb-height:20px;--awb-amount:20px;--awb-sep-color:rgba(76,98,142,0.31);border-color:rgba(76,98,142,0.31);border-top-width:1px;\"><\/div><span class=\"icon-wrapper\" style=\"border-color:rgba(76,98,142,0.31);background-color:rgba(255,255,255,0);font-size:14px;width: 1.75em; height: 1.75em;border-width:1px;padding:1px;margin-top:-0.5px\"><i class=\" fa fa-chevron-down\" style=\"font-size: inherit;color:rgba(76,98,142,0.31);\" aria-hidden=\"true\"><\/i><\/span><div class=\"fusion-separator-border sep-single sep-solid\" style=\"--awb-height:20px;--awb-amount:20px;--awb-sep-color:rgba(76,98,142,0.31);border-color:rgba(76,98,142,0.31);border-top-width:1px;\"><\/div><\/div><div class=\"fusion-sep-clear\"><\/div><\/div><\/div><div class=\"fusion-clearfix\"><\/div><\/div><\/div><\/div><\/div><div class=\"fusion-fullwidth fullwidth-box fusion-builder-row-13 nonhundred-percent-fullwidth non-hundred-percent-height-scrolling\" style=\"--awb-border-radius-top-left:0px;--awb-border-radius-top-right:0px;--awb-border-radius-bottom-right:0px;--awb-border-radius-bottom-left:0px;--awb-flex-wrap:wrap;\" ><div class=\"fusion-builder-row fusion-row\"><div class=\"fusion-layout-column fusion_builder_column fusion-builder-column-12 fusion_builder_column_1_1 1_1 fusion-one-full fusion-column-first fusion-column-last fusion-animated body_1column\" style=\"--awb-bg-size:cover;\" data-animationType=\"fadeInUp\" data-animationDuration=\"1.0\" data-animationOffset=\"top-into-view\"><div class=\"fusion-column-wrapper fusion-flex-column-wrapper-legacy\"><div class=\"fusion-column-content-centered\"><div class=\"fusion-column-content\"><div class=\"fusion-text fusion-text-13\"><h3 style=\"text-align: center;\"><em><sup class=\"quotes\"><i class=\"fa fa-quote-left \" ><\/i><\/sup> PTI est une entreprise formidable pour laquelle travailler. Vous \u00eates toujours trait\u00e9 comme une personne, pas un travailleur ou un nombre mais une personne. PTI est toujours efficace, compr\u00e9hensif et accommodant. <sup class=\"quotes\"><i class=\"fa fa-quote-right \" ><\/i><\/sup><\/em><\/h3>\n<h5 style=\"text-align: center;\">&#8211; BP<\/h5>\n<\/div><div class=\"fusion-sep-clear\"><\/div><div class=\"fusion-separator fusion-has-icon fusion-full-width-sep\" style=\"margin-left: auto;margin-right: auto;margin-top:5%;width:100%;\"><div class=\"fusion-separator-border sep-single sep-solid\" style=\"--awb-height:20px;--awb-amount:20px;--awb-sep-color:rgba(76,98,142,0.31);border-color:rgba(76,98,142,0.31);border-top-width:1px;\"><\/div><span class=\"icon-wrapper\" style=\"border-color:rgba(76,98,142,0.31);background-color:rgba(255,255,255,0);font-size:14px;width: 1.75em; height: 1.75em;border-width:1px;padding:1px;margin-top:-0.5px\"><i class=\" fa fa-chevron-down\" style=\"font-size: inherit;color:rgba(76,98,142,0.31);\" aria-hidden=\"true\"><\/i><\/span><div class=\"fusion-separator-border sep-single sep-solid\" style=\"--awb-height:20px;--awb-amount:20px;--awb-sep-color:rgba(76,98,142,0.31);border-color:rgba(76,98,142,0.31);border-top-width:1px;\"><\/div><\/div><div class=\"fusion-sep-clear\"><\/div><\/div><\/div><div class=\"fusion-clearfix\"><\/div><\/div><\/div><\/div><\/div><div class=\"fusion-fullwidth fullwidth-box fusion-builder-row-14 nonhundred-percent-fullwidth non-hundred-percent-height-scrolling\" style=\"--awb-border-radius-top-left:0px;--awb-border-radius-top-right:0px;--awb-border-radius-bottom-right:0px;--awb-border-radius-bottom-left:0px;--awb-flex-wrap:wrap;\" ><div class=\"fusion-builder-row fusion-row\"><div class=\"fusion-layout-column fusion_builder_column fusion-builder-column-13 fusion_builder_column_1_1 1_1 fusion-one-full fusion-column-first fusion-column-last fusion-animated body_1column\" style=\"--awb-bg-size:cover;\" data-animationType=\"fadeInUp\" data-animationDuration=\"1.0\" data-animationOffset=\"top-into-view\"><div class=\"fusion-column-wrapper fusion-flex-column-wrapper-legacy\"><div class=\"fusion-column-content-centered\"><div class=\"fusion-column-content\"><div class=\"fusion-text fusion-text-14\"><h3 style=\"text-align: center;\"><em><sup class=\"quotes\"><i class=\"fa fa-quote-left \" ><\/i><\/sup> J&rsquo;ai trouv\u00e9 Platinum flexible dans son style de gestion et dans la fa\u00e7on dont les preoccupations et les suggestions des employ\u00e9s sont trait\u00e9es. Ils travaillent avec leurs employ\u00e9s pour d\u00e9velopper des solutions. <sup class=\"quotes\"><i class=\"fa fa-quote-right \" ><\/i><\/sup><\/em><\/h3>\n<h5 style=\"text-align: center;\">&#8211; HR<\/h5>\n<\/div><div class=\"fusion-sep-clear\"><\/div><div class=\"fusion-separator fusion-has-icon fusion-full-width-sep\" style=\"margin-left: auto;margin-right: auto;margin-top:5%;width:100%;\"><div class=\"fusion-separator-border sep-single sep-solid\" style=\"--awb-height:20px;--awb-amount:20px;--awb-sep-color:rgba(76,98,142,0.31);border-color:rgba(76,98,142,0.31);border-top-width:1px;\"><\/div><span class=\"icon-wrapper\" style=\"border-color:rgba(76,98,142,0.31);background-color:rgba(255,255,255,0);font-size:14px;width: 1.75em; height: 1.75em;border-width:1px;padding:1px;margin-top:-0.5px\"><i class=\" fa fa-chevron-down\" style=\"font-size: inherit;color:rgba(76,98,142,0.31);\" aria-hidden=\"true\"><\/i><\/span><div class=\"fusion-separator-border sep-single sep-solid\" style=\"--awb-height:20px;--awb-amount:20px;--awb-sep-color:rgba(76,98,142,0.31);border-color:rgba(76,98,142,0.31);border-top-width:1px;\"><\/div><\/div><div class=\"fusion-sep-clear\"><\/div><\/div><\/div><div class=\"fusion-clearfix\"><\/div><\/div><\/div><\/div><\/div><div class=\"fusion-fullwidth fullwidth-box fusion-builder-row-15 nonhundred-percent-fullwidth non-hundred-percent-height-scrolling\" style=\"--awb-border-radius-top-left:0px;--awb-border-radius-top-right:0px;--awb-border-radius-bottom-right:0px;--awb-border-radius-bottom-left:0px;--awb-flex-wrap:wrap;\" ><div class=\"fusion-builder-row fusion-row\"><div class=\"fusion-layout-column fusion_builder_column fusion-builder-column-14 fusion_builder_column_1_1 1_1 fusion-one-full fusion-column-first fusion-column-last fusion-animated body_1column\" style=\"--awb-bg-size:cover;\" data-animationType=\"fadeInUp\" data-animationDuration=\"1.0\" data-animationOffset=\"top-into-view\"><div class=\"fusion-column-wrapper fusion-flex-column-wrapper-legacy\"><div class=\"fusion-column-content-centered\"><div class=\"fusion-column-content\"><div class=\"fusion-text fusion-text-15\"><h3 style=\"text-align: center;\"><em><sup class=\"quotes\"><i class=\"fa fa-quote-left \" ><\/i><\/sup> J&rsquo;ai une exp\u00e9rience limit\u00e9e avec les employeurs civils, cependant, je suis extr\u00eamement heureux avec PTI. Quand j&rsquo;ai demand\u00e9 un cong\u00e9 pour des raisons m\u00e9dicales, l&rsquo;\u00e9quipe PTI \u00e9tait aimable et attentionn\u00e9e. Ils ont continu\u00e9 \u00e0 communiquer avec moi pour s&rsquo;assurer que j&rsquo;avais tout ce dont j&rsquo;avais besoin et quand j&rsquo;\u00e9tais assez bien pour revenir, ils \u00e9taient plus qu&rsquo;accommodants. Merci pour tout PTI. <sup class=\"quotes\"><i class=\"fa fa-quote-right \" ><\/i><\/sup><\/em><\/h3>\n<h5 style=\"text-align: center;\">&#8211; PS<\/h5>\n<\/div><div class=\"fusion-sep-clear\"><\/div><div class=\"fusion-separator fusion-has-icon fusion-full-width-sep\" style=\"margin-left: auto;margin-right: auto;margin-top:5%;width:100%;\"><div class=\"fusion-separator-border sep-single sep-solid\" style=\"--awb-height:20px;--awb-amount:20px;--awb-sep-color:rgba(76,98,142,0.31);border-color:rgba(76,98,142,0.31);border-top-width:1px;\"><\/div><span class=\"icon-wrapper\" style=\"border-color:rgba(76,98,142,0.31);background-color:rgba(255,255,255,0);font-size:14px;width: 1.75em; height: 1.75em;border-width:1px;padding:1px;margin-top:-0.5px\"><i class=\" fa fa-chevron-down\" style=\"font-size: inherit;color:rgba(76,98,142,0.31);\" aria-hidden=\"true\"><\/i><\/span><div class=\"fusion-separator-border sep-single sep-solid\" style=\"--awb-height:20px;--awb-amount:20px;--awb-sep-color:rgba(76,98,142,0.31);border-color:rgba(76,98,142,0.31);border-top-width:1px;\"><\/div><\/div><div class=\"fusion-sep-clear\"><\/div><\/div><\/div><div class=\"fusion-clearfix\"><\/div><\/div><\/div><\/div><\/div><div class=\"fusion-fullwidth fullwidth-box fusion-builder-row-16 nonhundred-percent-fullwidth non-hundred-percent-height-scrolling\" style=\"--awb-border-radius-top-left:0px;--awb-border-radius-top-right:0px;--awb-border-radius-bottom-right:0px;--awb-border-radius-bottom-left:0px;--awb-flex-wrap:wrap;\" ><div class=\"fusion-builder-row fusion-row\"><div class=\"fusion-layout-column fusion_builder_column fusion-builder-column-15 fusion_builder_column_1_1 1_1 fusion-one-full fusion-column-first fusion-column-last fusion-animated body_1column\" style=\"--awb-bg-size:cover;\" data-animationType=\"fadeInUp\" data-animationDuration=\"1.0\" data-animationOffset=\"top-into-view\"><div class=\"fusion-column-wrapper fusion-flex-column-wrapper-legacy\"><div class=\"fusion-column-content-centered\"><div class=\"fusion-column-content\"><div class=\"fusion-text fusion-text-16\"><h3 style=\"text-align: center;\"><em><sup class=\"quotes\"><i class=\"fa fa-quote-left \" ><\/i><\/sup> Apr\u00e8s avoir travaill\u00e9 pour le gouvernement provincial pendant 35 ans, c&rsquo;\u00e9tait la premi\u00e8re fois que je travaillais comme entrepreneur. Le personnel qualifi\u00e9 de PTI s&rsquo;est surpass\u00e9 pour m&rsquo;aider \u00e0 comprendre le processus et \u00e0 \u00e9couter attentivement mes objectifs et priorit\u00e9s. Ils m&rsquo;ont trouv\u00e9 un excellent travail contractuel avec une entreprise pr\u00e8s de chez moi. Je vais certainement me tourner vers PTI lorsque je chercherai de futures opportunit\u00e9s d&#8217;emploi. <sup class=\"quotes\"><i class=\"fa fa-quote-right \" ><\/i><\/sup><\/em><\/h3>\n<h5 style=\"text-align: center;\">&#8211; CM<\/h5>\n<\/div><div class=\"fusion-sep-clear\"><\/div><div class=\"fusion-separator fusion-has-icon fusion-full-width-sep\" style=\"margin-left: auto;margin-right: auto;margin-top:5%;width:100%;\"><div class=\"fusion-separator-border sep-single sep-solid\" style=\"--awb-height:20px;--awb-amount:20px;--awb-sep-color:rgba(76,98,142,0.31);border-color:rgba(76,98,142,0.31);border-top-width:1px;\"><\/div><span class=\"icon-wrapper\" style=\"border-color:rgba(76,98,142,0.31);background-color:rgba(255,255,255,0);font-size:14px;width: 1.75em; height: 1.75em;border-width:1px;padding:1px;margin-top:-0.5px\"><i class=\" fa fa-chevron-down\" style=\"font-size: inherit;color:rgba(76,98,142,0.31);\" aria-hidden=\"true\"><\/i><\/span><div class=\"fusion-separator-border sep-single sep-solid\" style=\"--awb-height:20px;--awb-amount:20px;--awb-sep-color:rgba(76,98,142,0.31);border-color:rgba(76,98,142,0.31);border-top-width:1px;\"><\/div><\/div><div class=\"fusion-sep-clear\"><\/div><\/div><\/div><div class=\"fusion-clearfix\"><\/div><\/div><\/div><\/div><\/div><\/p>","protected":false},"excerpt":{"rendered":"","protected":false},"author":2,"featured_media":0,"parent":0,"menu_order":3,"comment_status":"closed","ping_status":"closed","template":"100-width.php","meta":{"footnotes":""},"class_list":["post-859","page","type-page","status-publish","hentry"],"yoast_head":"<!-- This site is optimized with the Yoast SEO plugin v26.1.1 - https:\/\/yoast.com\/wordpress\/plugins\/seo\/ -->\n<title>T\u00c9MOIGNAGES &#8226; Platinum Technologies Inc<\/title>\n<meta name=\"description\" content=\"Based in St Albert, Alberta just outside Edmonton, PTI has workers working on sites all across Canada.\" \/>\n<meta name=\"robots\" content=\"index, follow, max-snippet:-1, max-image-preview:large, max-video-preview:-1\" \/>\n<link rel=\"canonical\" href=\"https:\/\/platinumtechnologiesinc.ca\/en\/testimonials\/\" \/>\n<meta property=\"og:locale\" content=\"fr_FR\" \/>\n<meta property=\"og:type\" content=\"article\" \/>\n<meta property=\"og:title\" content=\"T\u00c9MOIGNAGES &#8226; Platinum Technologies Inc\" \/>\n<meta property=\"og:description\" content=\"Based in St Albert, Alberta just outside Edmonton, PTI has workers working on sites all across Canada.\" \/>\n<meta property=\"og:url\" content=\"https:\/\/platinumtechnologiesinc.ca\/en\/testimonials\/\" \/>\n<meta property=\"og:site_name\" content=\"Platinum Technologies Inc\" \/>\n<meta property=\"article:modified_time\" content=\"2018-01-19T19:05:46+00:00\" \/>\n<meta name=\"twitter:card\" content=\"summary_large_image\" \/>\n<meta name=\"twitter:label1\" content=\"Dur\u00e9e de lecture estim\u00e9e\" \/>\n\t<meta name=\"twitter:data1\" content=\"21 minutes\" \/>\n<script type=\"application\/ld+json\" class=\"yoast-schema-graph\">{\"@context\":\"https:\/\/schema.org\",\"@graph\":[{\"@type\":\"WebPage\",\"@id\":\"https:\/\/platinumtechnologiesinc.ca\/en\/testimonials\/\",\"url\":\"https:\/\/platinumtechnologiesinc.ca\/en\/testimonials\/\",\"name\":\"T\u00c9MOIGNAGES &#8226; Platinum Technologies Inc\",\"isPartOf\":{\"@id\":\"https:\/\/platinumtechnologiesinc.ca\/en\/#website\"},\"datePublished\":\"2017-12-20T23:07:54+00:00\",\"dateModified\":\"2018-01-19T19:05:46+00:00\",\"description\":\"Based in St Albert, Alberta just outside Edmonton, PTI has workers working on sites all across Canada.\",\"breadcrumb\":{\"@id\":\"https:\/\/platinumtechnologiesinc.ca\/en\/testimonials\/#breadcrumb\"},\"inLanguage\":\"fr-FR\",\"potentialAction\":[{\"@type\":\"ReadAction\",\"target\":[\"https:\/\/platinumtechnologiesinc.ca\/en\/testimonials\/\"]}]},{\"@type\":\"BreadcrumbList\",\"@id\":\"https:\/\/platinumtechnologiesinc.ca\/en\/testimonials\/#breadcrumb\",\"itemListElement\":[{\"@type\":\"ListItem\",\"position\":1,\"name\":\"Home\",\"item\":\"https:\/\/platinumtechnologiesinc.ca\/en\/\"},{\"@type\":\"ListItem\",\"position\":2,\"name\":\"Testimonials\"}]},{\"@type\":\"WebSite\",\"@id\":\"https:\/\/platinumtechnologiesinc.ca\/en\/#website\",\"url\":\"https:\/\/platinumtechnologiesinc.ca\/en\/\",\"name\":\"Platinum Technologies Inc\",\"description\":\"Servir ceux qui nous ont servi\",\"publisher\":{\"@id\":\"https:\/\/platinumtechnologiesinc.ca\/en\/#organization\"},\"potentialAction\":[{\"@type\":\"SearchAction\",\"target\":{\"@type\":\"EntryPoint\",\"urlTemplate\":\"https:\/\/platinumtechnologiesinc.ca\/en\/?s={search_term_string}\"},\"query-input\":{\"@type\":\"PropertyValueSpecification\",\"valueRequired\":true,\"valueName\":\"search_term_string\"}}],\"inLanguage\":\"fr-FR\"},{\"@type\":\"Organization\",\"@id\":\"https:\/\/platinumtechnologiesinc.ca\/en\/#organization\",\"name\":\"Platinum Technologies Inc.\",\"url\":\"https:\/\/platinumtechnologiesinc.ca\/en\/\",\"logo\":{\"@type\":\"ImageObject\",\"inLanguage\":\"fr-FR\",\"@id\":\"https:\/\/platinumtechnologiesinc.ca\/en\/#\/schema\/logo\/image\/\",\"url\":\"https:\/\/platinumtechnologiesinc.ca\/wp-content\/uploads\/2017\/11\/logo_white-shadow.png\",\"contentUrl\":\"https:\/\/platinumtechnologiesinc.ca\/wp-content\/uploads\/2017\/11\/logo_white-shadow.png\",\"width\":220,\"height\":60,\"caption\":\"Platinum Technologies Inc.\"},\"image\":{\"@id\":\"https:\/\/platinumtechnologiesinc.ca\/en\/#\/schema\/logo\/image\/\"}}]}<\/script>\n<!-- \/ Yoast SEO plugin. -->","yoast_head_json":{"title":"T\u00c9MOIGNAGES &#8226; Platinum Technologies Inc","description":"Based in St Albert, Alberta just outside Edmonton, PTI has workers working on sites all across Canada.","robots":{"index":"index","follow":"follow","max-snippet":"max-snippet:-1","max-image-preview":"max-image-preview:large","max-video-preview":"max-video-preview:-1"},"canonical":"https:\/\/platinumtechnologiesinc.ca\/en\/testimonials\/","og_locale":"fr_FR","og_type":"article","og_title":"T\u00c9MOIGNAGES &#8226; Platinum Technologies Inc","og_description":"Based in St Albert, Alberta just outside Edmonton, PTI has workers working on sites all across Canada.","og_url":"https:\/\/platinumtechnologiesinc.ca\/en\/testimonials\/","og_site_name":"Platinum Technologies Inc","article_modified_time":"2018-01-19T19:05:46+00:00","twitter_card":"summary_large_image","twitter_misc":{"Dur\u00e9e de lecture estim\u00e9e":"21 minutes"},"schema":{"@context":"https:\/\/schema.org","@graph":[{"@type":"WebPage","@id":"https:\/\/platinumtechnologiesinc.ca\/en\/testimonials\/","url":"https:\/\/platinumtechnologiesinc.ca\/en\/testimonials\/","name":"T\u00c9MOIGNAGES &#8226; Platinum Technologies Inc","isPartOf":{"@id":"https:\/\/platinumtechnologiesinc.ca\/en\/#website"},"datePublished":"2017-12-20T23:07:54+00:00","dateModified":"2018-01-19T19:05:46+00:00","description":"Based in St Albert, Alberta just outside Edmonton, PTI has workers working on sites all across Canada.","breadcrumb":{"@id":"https:\/\/platinumtechnologiesinc.ca\/en\/testimonials\/#breadcrumb"},"inLanguage":"fr-FR","potentialAction":[{"@type":"ReadAction","target":["https:\/\/platinumtechnologiesinc.ca\/en\/testimonials\/"]}]},{"@type":"BreadcrumbList","@id":"https:\/\/platinumtechnologiesinc.ca\/en\/testimonials\/#breadcrumb","itemListElement":[{"@type":"ListItem","position":1,"name":"Home","item":"https:\/\/platinumtechnologiesinc.ca\/en\/"},{"@type":"ListItem","position":2,"name":"Testimonials"}]},{"@type":"WebSite","@id":"https:\/\/platinumtechnologiesinc.ca\/en\/#website","url":"https:\/\/platinumtechnologiesinc.ca\/en\/","name":"Platinum Technologies Inc","description":"Servir ceux qui nous ont servi","publisher":{"@id":"https:\/\/platinumtechnologiesinc.ca\/en\/#organization"},"potentialAction":[{"@type":"SearchAction","target":{"@type":"EntryPoint","urlTemplate":"https:\/\/platinumtechnologiesinc.ca\/en\/?s={search_term_string}"},"query-input":{"@type":"PropertyValueSpecification","valueRequired":true,"valueName":"search_term_string"}}],"inLanguage":"fr-FR"},{"@type":"Organization","@id":"https:\/\/platinumtechnologiesinc.ca\/en\/#organization","name":"Platinum Technologies Inc.","url":"https:\/\/platinumtechnologiesinc.ca\/en\/","logo":{"@type":"ImageObject","inLanguage":"fr-FR","@id":"https:\/\/platinumtechnologiesinc.ca\/en\/#\/schema\/logo\/image\/","url":"https:\/\/platinumtechnologiesinc.ca\/wp-content\/uploads\/2017\/11\/logo_white-shadow.png","contentUrl":"https:\/\/platinumtechnologiesinc.ca\/wp-content\/uploads\/2017\/11\/logo_white-shadow.png","width":220,"height":60,"caption":"Platinum Technologies Inc."},"image":{"@id":"https:\/\/platinumtechnologiesinc.ca\/en\/#\/schema\/logo\/image\/"}}]}},"_links":{"self":[{"href":"https:\/\/platinumtechnologiesinc.ca\/fr\/wp-json\/wp\/v2\/pages\/859","targetHints":{"allow":["GET"]}}],"collection":[{"href":"https:\/\/platinumtechnologiesinc.ca\/fr\/wp-json\/wp\/v2\/pages"}],"about":[{"href":"https:\/\/platinumtechnologiesinc.ca\/fr\/wp-json\/wp\/v2\/types\/page"}],"author":[{"embeddable":true,"href":"https:\/\/platinumtechnologiesinc.ca\/fr\/wp-json\/wp\/v2\/users\/2"}],"replies":[{"embeddable":true,"href":"https:\/\/platinumtechnologiesinc.ca\/fr\/wp-json\/wp\/v2\/comments?post=859"}],"version-history":[{"count":0,"href":"https:\/\/platinumtechnologiesinc.ca\/fr\/wp-json\/wp\/v2\/pages\/859\/revisions"}],"wp:attachment":[{"href":"https:\/\/platinumtechnologiesinc.ca\/fr\/wp-json\/wp\/v2\/media?parent=859"}],"curies":[{"name":"wp","href":"https:\/\/api.w.org\/{rel}","templated":true}]}}